{"id":715,"date":"2024-01-04T14:54:07","date_gmt":"2024-01-04T14:54:07","guid":{"rendered":"https:\/\/www.famillejeune.fr\/?page_id=715"},"modified":"2024-04-03T08:32:34","modified_gmt":"2024-04-03T07:32:34","slug":"domaine-de-saint-paul","status":"publish","type":"page","link":"https:\/\/www.famillejeune.fr\/en\/domaine-de-saint-paul\/","title":{"rendered":"Domaine de Saint Paul"},"content":{"rendered":"<div class='breakdance'><section class=\"bde-section-715-100 bde-section container-principal\">\n  \n\t\n\n\n\n<div class=\"section-container\"><div class=\"bde-image-715-154 bde-image\" data-entrance=\"fade\" data-parallax=\"true\">\n  \n\n\n\n\n\n<figure class=\"breakdance-image breakdance-image--3038\">\n\t<div class=\"breakdance-image-container\">\n\t\t<div class=\"breakdance-image-clip\">\n\t\t\t\n\t\t\t\t\n\t\t\t\t\t      \n  \n  \n  \n  \n      \n      <img loading=\"lazy\" decoding=\"async\"\n      class=\"breakdance-image-object\"\n      src=\"https:\/\/www.famillejeune.fr\/wp-content\/uploads\/2024\/02\/ClosSaintPaul.jpg\"\n      width=\"2000\"\n      height=\"1108\"\n      alt=\"haut de la batisse du domaine Clos Saint Paul\"\n      \n                                    srcset=\"https:\/\/www.famillejeune.fr\/wp-content\/uploads\/2024\/02\/ClosSaintPaul.jpg 2000w, https:\/\/www.famillejeune.fr\/wp-content\/uploads\/2024\/02\/ClosSaintPaul-300x166.jpg 300w, https:\/\/www.famillejeune.fr\/wp-content\/uploads\/2024\/02\/ClosSaintPaul-1024x567.jpg 1024w, https:\/\/www.famillejeune.fr\/wp-content\/uploads\/2024\/02\/ClosSaintPaul-768x425.jpg 768w, https:\/\/www.famillejeune.fr\/wp-content\/uploads\/2024\/02\/ClosSaintPaul-1536x851.jpg 1536w\"\n                                                                      >\n  \n\n\t\t\t\t\t\n\t\t\t\t\t\t<\/div>\n\t<\/div>\n\n\t<\/figure>\n\n<\/div><div class=\"bde-div-715-153 bde-div\" data-entrance=\"slideUp\" data-parallax=\"true\">\n  \n\t\n\n\n\n<div class=\"bde-image-715-101 bde-image\">\n  \n\n\n\n\n\n<figure class=\"breakdance-image breakdance-image--2617\">\n\t<div class=\"breakdance-image-container\">\n\t\t<div class=\"breakdance-image-clip\">\n\t\t\t\n\t\t\t\t\n\t\t\t\t\t      \n  \n  \n  \n  \n      \n      <img loading=\"lazy\" decoding=\"async\"\n      class=\"breakdance-image-object\"\n      src=\"https:\/\/www.famillejeune.fr\/wp-content\/uploads\/2024\/01\/SaintPaul.svg\"\n      width=\"300\"\n      height=\"300\"\n      \n      \n                                                                  >\n  \n\n\t\t\t\t\t\n\t\t\t\t\t\t<\/div>\n\t<\/div>\n\n\t<\/figure>\n\n<\/div><h4 class=\"bde-heading-715-106 bde-heading\">\nch\u00e2teauneuf du pape\n<\/h4>\n<\/div><div class=\"bde-code-block-715-104 bde-code-block\">\n\n  <a class=\"scroll-down\" href=\"#domaine\">\n\t<img decoding=\"async\" src=\"https:\/\/www.famillejeune.fr\/wp-content\/uploads\/2024\/01\/chevron-scroll-dwon.svg\" alt=\"scroll down\">\n<\/a>\n\n\n<\/div><\/div>\n<\/section><section id=\"domaine\" class=\"bde-section-715-107 bde-section\">\n  \n\t\n\n\n\n<div class=\"section-container\"><div class=\"bde-image-715-156 bde-image\" data-entrance=\"slideLeft\">\n  \n\n\n\n\n\n<figure class=\"breakdance-image breakdance-image--1844\">\n\t<div class=\"breakdance-image-container\">\n\t\t<div class=\"breakdance-image-clip\">\n\t\t\t\n\t\t\t\t\n\t\t\t\t\t      \n  \n  \n  \n  \n      \n      <img loading=\"lazy\" decoding=\"async\"\n      class=\"breakdance-image-object\"\n      src=\"https:\/\/www.famillejeune.fr\/wp-content\/uploads\/2024\/01\/logo-saint-paul-fond.svg\"\n      width=\"0\"\n      height=\"0\"\n      \n      \n                                                                  >\n  \n\n\t\t\t\t\t\n\t\t\t\t\t\t<\/div>\n\t<\/div>\n\n\t<\/figure>\n\n<\/div><div class=\"bde-div-715-108 bde-div\" data-entrance=\"slideUp\" data-parallax=\"true\">\n  \n\t\n\n\n\n<h2 class=\"bde-heading-715-109 bde-heading\">\nthe estate\n<\/h2><div class=\"bde-fancy-divider-715-110 bde-fancy-divider\">\n\n\n<div class=\"bde-fancy-divider__wrapper\">\n  <div class=\"bde-fancy-divider__separator\">\n  \t  <\/div>\n<\/div>\n\n<\/div><div class=\"bde-text-715-111 bde-text translation-block\">In the south of the Ch\u00e2teauneuf-du-Pape appellation, a small road lined with olive, pine and almond trees leads to Domaine de Saint-Paul.<br><br>The Art Deco fa\u00e7ade, dating from 1934, reflects the modernity of the vintages and invites you to enjoy the estate's meticulous wines in an intimate setting.The property has belonged to the Jeune and Establet families since 1958 and became Domaine de Saint-Paul in 1998. Since then, B\u00e9atrice, Isabelle and Christophe Jeune, along with a committed team, have nurtured the vines and vintages using organic farming methods, with the seasons in mind.\n<br><br>\nTasting room, ageing cellar in demi-muids and oak barrels, farm buildings, storage cellar... everything is close at hand for these attentive and discreet winegrowers.<\/div>\n<\/div><div class=\"bde-columns-715-112 bde-columns\"><div class=\"bde-column-715-113 bde-column\">\n  \n\t\n\n\n\n<div class=\"bde-div-715-114 bde-div\" data-entrance=\"fade\">\n  \n\t\n\n\n\n<div class=\"bde-text-715-116 bde-text\">\nAround the cellar, mouth-watering citrus trees. Between the plots, an olive grove that produces a few bottles of organic olive oil each year, much to the delight of lovers of exceptional olive oil.\n<\/div>\n<\/div>\n<\/div><div class=\"bde-column-715-117 bde-column\">\n  \n\t\n\n\n\n<div class=\"bde-div-715-157 bde-div\">\n  \n\t\n\n\n\n<div class=\"bde-image-715-118 bde-image\" data-parallax=\"true\">\n  \n\n\n\n\n\n<figure class=\"breakdance-image breakdance-image--764\">\n\t<div class=\"breakdance-image-container\">\n\t\t<div class=\"breakdance-image-clip\">\n\t\t\t\n\t\t\t\t\n\t\t\t\t\t      \n  \n  \n  \n  \n      \n      <img loading=\"lazy\" decoding=\"async\"\n      class=\"breakdance-image-object\"\n      src=\"https:\/\/www.famillejeune.fr\/wp-content\/uploads\/2024\/01\/Stpaul01_parallax_scale.jpg\"\n      width=\"948\"\n      height=\"1199\"\n      \n      \n                                    srcset=\"https:\/\/www.famillejeune.fr\/wp-content\/uploads\/2024\/01\/Stpaul01_parallax_scale.jpg 948w, https:\/\/www.famillejeune.fr\/wp-content\/uploads\/2024\/01\/Stpaul01_parallax_scale-237x300.jpg 237w, https:\/\/www.famillejeune.fr\/wp-content\/uploads\/2024\/01\/Stpaul01_parallax_scale-810x1024.jpg 810w, https:\/\/www.famillejeune.fr\/wp-content\/uploads\/2024\/01\/Stpaul01_parallax_scale-768x971.jpg 768w\"\n                                                                      >\n  \n\n\t\t\t\t\t\n\t\t\t\t\t\t<\/div>\n\t<\/div>\n\n\t<\/figure>\n\n<\/div>\n<\/div>\n<\/div><\/div><div class=\"bde-div-715-158 bde-div\">\n  \n\t\n\n\n\n<div class=\"bde-image-715-159 bde-image\" data-parallax=\"true\">\n  \n\n\n\n\n\n<figure class=\"breakdance-image breakdance-image--765\">\n\t<div class=\"breakdance-image-container\">\n\t\t<div class=\"breakdance-image-clip\">\n\t\t\t\n\t\t\t\t\n\t\t\t\t\t      \n  \n  \n  \n  \n      \n      <img loading=\"lazy\" decoding=\"async\"\n      class=\"breakdance-image-object\"\n      src=\"https:\/\/www.famillejeune.fr\/wp-content\/uploads\/2024\/01\/Stpaul02_parallax_scale.jpg\"\n      width=\"534\"\n      height=\"525\"\n      \n      \n                                    srcset=\"https:\/\/www.famillejeune.fr\/wp-content\/uploads\/2024\/01\/Stpaul02_parallax_scale.jpg 534w, https:\/\/www.famillejeune.fr\/wp-content\/uploads\/2024\/01\/Stpaul02_parallax_scale-300x295.jpg 300w\"\n                                                                      >\n  \n\n\t\t\t\t\t\n\t\t\t\t\t\t<\/div>\n\t<\/div>\n\n\t<\/figure>\n\n<\/div>\n<\/div><\/div>\n<\/section><section class=\"bde-section-715-122 bde-section\">\n  \n\t\n\n\n\n<div class=\"section-container\"><div class=\"bde-div-715-123 bde-div\" data-entrance=\"slideUp\">\n  \n\t\n\n\n\n<h2 class=\"bde-heading-715-124 bde-heading\">\nThe vineyard\n<\/h2><div class=\"bde-fancy-divider-715-125 bde-fancy-divider\">\n\n\n<div class=\"bde-fancy-divider__wrapper\">\n  <div class=\"bde-fancy-divider__separator\">\n  \t  <\/div>\n<\/div>\n\n<\/div><div class=\"bde-text-715-126 bde-text translation-block\">14 hectares of Ch\u00e2teauneuf-du-Pape and 5 hectares of C\u00f4tes-du-Rh\u00f4ne make up the Saint-Paul estate, which has been certified organic since 2012.<br><br>\nThe vineyards of southern France require daily attention.<br><br>\nHere too, the vines are getting on in years, with some reaching 70 years of age on the Pied-Redon plateau. Clinging to the marked and tortuous wood that pierces the saffron and fine clay, the lively, juicy and perfect fruit announces great promise. Planted on a desert of reddish pebbles, this oasis of green vines is often aired by a determined Mistral wind. Thanks to a debudding stage, each bunch of grapes flourishes healthily in a favourable microclimate, under the expert hands of the winegrowers.<\/div>\n<\/div><\/div>\n<\/section><section class=\"bde-section-715-160 bde-section\">\n  \n\t\n\n\n\n<div class=\"section-container\"><div class=\"bde-image-715-161 bde-image\" data-parallax=\"true\">\n  \n\n\n\n\n\n<figure class=\"breakdance-image breakdance-image--767\">\n\t<div class=\"breakdance-image-container\">\n\t\t<div class=\"breakdance-image-clip\">\n\t\t\t\n\t\t\t\t\n\t\t\t\t\t      \n  \n  \n  \n  \n      \n      <img loading=\"lazy\" decoding=\"async\"\n      class=\"breakdance-image-object\"\n      src=\"https:\/\/www.famillejeune.fr\/wp-content\/uploads\/2024\/01\/saintpaulvignoble_parallax.jpg\"\n      width=\"2051\"\n      height=\"1350\"\n      \n      \n                                    srcset=\"https:\/\/www.famillejeune.fr\/wp-content\/uploads\/2024\/01\/saintpaulvignoble_parallax.jpg 2051w, https:\/\/www.famillejeune.fr\/wp-content\/uploads\/2024\/01\/saintpaulvignoble_parallax-300x197.jpg 300w, https:\/\/www.famillejeune.fr\/wp-content\/uploads\/2024\/01\/saintpaulvignoble_parallax-1024x674.jpg 1024w, https:\/\/www.famillejeune.fr\/wp-content\/uploads\/2024\/01\/saintpaulvignoble_parallax-768x506.jpg 768w, https:\/\/www.famillejeune.fr\/wp-content\/uploads\/2024\/01\/saintpaulvignoble_parallax-1536x1011.jpg 1536w, https:\/\/www.famillejeune.fr\/wp-content\/uploads\/2024\/01\/saintpaulvignoble_parallax-2048x1348.jpg 2048w\"\n                                                                      >\n  \n\n\t\t\t\t\t\n\t\t\t\t\t\t<\/div>\n\t<\/div>\n\n\t<\/figure>\n\n<\/div><div class=\"bde-div-715-164 bde-div\" data-entrance=\"slideLeft\">\n  \n\t\n\n\n\n<div class=\"bde-text-715-165 bde-text\">\nThe Jeune family's caring approach is everywhere. In the preservation of biodiversity, the management of water resources, the use of natural fertilisers and the love of the grape, requiring several dozen pickers at the right time for the five red grape varieties (grenache, syrah, cinsault, muscardin and mourv\u00e8dre) and the two white varieties (grenache blanc, roussanne).\n<\/div>\n<\/div><\/div>\n<\/section><section class=\"bde-section-715-130 bde-section\">\n  \n\t\n\n\n\n<div class=\"section-container\"><div class=\"bde-columns-715-131 bde-columns\"><div class=\"bde-column-715-132 bde-column\">\n  \n\t\n\n\n\n<div class=\"bde-div-715-166 bde-div\">\n  \n\t\n\n\n\n<div class=\"bde-image-715-133 bde-image\" data-parallax=\"true\">\n  \n\n\n\n\n\n<figure class=\"breakdance-image breakdance-image--768\">\n\t<div class=\"breakdance-image-container\">\n\t\t<div class=\"breakdance-image-clip\">\n\t\t\t\n\t\t\t\t\n\t\t\t\t\t      \n  \n  \n  \n  \n      \n      <img loading=\"lazy\" decoding=\"async\"\n      class=\"breakdance-image-object\"\n      src=\"https:\/\/www.famillejeune.fr\/wp-content\/uploads\/2024\/01\/Stpaul03_parallax_scale.jpg\"\n      width=\"948\"\n      height=\"1017\"\n      \n      \n                                    srcset=\"https:\/\/www.famillejeune.fr\/wp-content\/uploads\/2024\/01\/Stpaul03_parallax_scale.jpg 948w, https:\/\/www.famillejeune.fr\/wp-content\/uploads\/2024\/01\/Stpaul03_parallax_scale-280x300.jpg 280w, https:\/\/www.famillejeune.fr\/wp-content\/uploads\/2024\/01\/Stpaul03_parallax_scale-768x824.jpg 768w\"\n                                                                      >\n  \n\n\t\t\t\t\t\n\t\t\t\t\t\t<\/div>\n\t<\/div>\n\n\t<\/figure>\n\n<\/div>\n<\/div>\n<\/div><div class=\"bde-column-715-134 bde-column\">\n  \n\t\n\n\n\n<div class=\"bde-div-715-135 bde-div\" data-entrance=\"slideRight\">\n  \n\t\n\n\n\n<h2 class=\"bde-heading-715-136 bde-heading\">\nthe cellar\n<\/h2><div class=\"bde-fancy-divider-715-137 bde-fancy-divider\">\n\n\n<div class=\"bde-fancy-divider__wrapper\">\n  <div class=\"bde-fancy-divider__separator\">\n  \t  <\/div>\n<\/div>\n\n<\/div><div class=\"bde-text-715-138 bde-text translation-block\">With sun, care and a little water, the wine is made.\nIn the rows and in the cellar, it's a balancing act with a happy outcome.\n<br><br>\nIn the bottle, silky, gourmet wines that explore the more modern face of the Ch\u00e2teauneuf-du-Pape and C\u00f4tes-du-Rh\u00f4ne Appellations, linked to the new generation of winemakers and consumers.<\/div>\n<\/div>\n<\/div><\/div><\/div>\n<\/section><section class=\"bde-section-715-167 bde-section\">\n  \n\t\n\n\n\n<div class=\"section-container\"><div class=\"bde-columns-715-168 bde-columns\"><div class=\"bde-column-715-169 bde-column\">\n  \n\t\n\n\n\n<div class=\"bde-image-715-170 bde-image\" data-entrance=\"slideUp\">\n  \n\n\n\n\n\n<figure class=\"breakdance-image breakdance-image--769\">\n\t<div class=\"breakdance-image-container\">\n\t\t<div class=\"breakdance-image-clip\">\n\t\t\t\n\t\t\t\t\n\t\t\t\t\t      \n  \n  \n  \n  \n      \n      <img loading=\"lazy\" decoding=\"async\"\n      class=\"breakdance-image-object\"\n      src=\"https:\/\/www.famillejeune.fr\/wp-content\/uploads\/2024\/01\/Stpaul04a_parallax_scale.jpg\"\n      width=\"800\"\n      height=\"1299\"\n      \n      \n                                    srcset=\"https:\/\/www.famillejeune.fr\/wp-content\/uploads\/2024\/01\/Stpaul04a_parallax_scale.jpg 800w, https:\/\/www.famillejeune.fr\/wp-content\/uploads\/2024\/01\/Stpaul04a_parallax_scale-185x300.jpg 185w, https:\/\/www.famillejeune.fr\/wp-content\/uploads\/2024\/01\/Stpaul04a_parallax_scale-631x1024.jpg 631w, https:\/\/www.famillejeune.fr\/wp-content\/uploads\/2024\/01\/Stpaul04a_parallax_scale-768x1247.jpg 768w\"\n                                                                      >\n  \n\n\t\t\t\t\t\n\t\t\t\t\t\t<\/div>\n\t<\/div>\n\n\t<\/figure>\n\n<\/div>\n<\/div><div class=\"bde-column-715-171 bde-column\">\n  \n\t\n\n\n\n<div class=\"bde-image-715-172 bde-image\" data-entrance=\"slideUp\">\n  \n\n\n\n\n\n<figure class=\"breakdance-image breakdance-image--770\">\n\t<div class=\"breakdance-image-container\">\n\t\t<div class=\"breakdance-image-clip\">\n\t\t\t\n\t\t\t\t\n\t\t\t\t\t      \n  \n  \n  \n  \n      \n      <img loading=\"lazy\" decoding=\"async\"\n      class=\"breakdance-image-object\"\n      src=\"https:\/\/www.famillejeune.fr\/wp-content\/uploads\/2024\/01\/Stpaul04b_parallax_scale.jpg\"\n      width=\"800\"\n      height=\"1299\"\n      \n      \n                                    srcset=\"https:\/\/www.famillejeune.fr\/wp-content\/uploads\/2024\/01\/Stpaul04b_parallax_scale.jpg 800w, https:\/\/www.famillejeune.fr\/wp-content\/uploads\/2024\/01\/Stpaul04b_parallax_scale-185x300.jpg 185w, https:\/\/www.famillejeune.fr\/wp-content\/uploads\/2024\/01\/Stpaul04b_parallax_scale-631x1024.jpg 631w, https:\/\/www.famillejeune.fr\/wp-content\/uploads\/2024\/01\/Stpaul04b_parallax_scale-768x1247.jpg 768w\"\n                                                                      >\n  \n\n\t\t\t\t\t\n\t\t\t\t\t\t<\/div>\n\t<\/div>\n\n\t<\/figure>\n\n<\/div>\n<\/div><div class=\"bde-column-715-173 bde-column\">\n  \n\t\n\n\n\n<div class=\"bde-image-715-174 bde-image\" data-entrance=\"slideUp\">\n  \n\n\n\n\n\n<figure class=\"breakdance-image breakdance-image--771\">\n\t<div class=\"breakdance-image-container\">\n\t\t<div class=\"breakdance-image-clip\">\n\t\t\t\n\t\t\t\t\n\t\t\t\t\t      \n  \n  \n  \n  \n      \n      <img loading=\"lazy\" decoding=\"async\"\n      class=\"breakdance-image-object\"\n      src=\"https:\/\/www.famillejeune.fr\/wp-content\/uploads\/2024\/01\/Stpaul04c_parallax_scale.jpg\"\n      width=\"800\"\n      height=\"1299\"\n      \n      \n                                    srcset=\"https:\/\/www.famillejeune.fr\/wp-content\/uploads\/2024\/01\/Stpaul04c_parallax_scale.jpg 800w, https:\/\/www.famillejeune.fr\/wp-content\/uploads\/2024\/01\/Stpaul04c_parallax_scale-185x300.jpg 185w, https:\/\/www.famillejeune.fr\/wp-content\/uploads\/2024\/01\/Stpaul04c_parallax_scale-631x1024.jpg 631w, https:\/\/www.famillejeune.fr\/wp-content\/uploads\/2024\/01\/Stpaul04c_parallax_scale-768x1247.jpg 768w\"\n                                                                      >\n  \n\n\t\t\t\t\t\n\t\t\t\t\t\t<\/div>\n\t<\/div>\n\n\t<\/figure>\n\n<\/div>\n<\/div><\/div><\/div>\n<\/section><section class=\"bde-section-715-147 bde-section\">\n  \n\t\n\n\n\n<div class=\"section-container\"><div class=\"bde-div-715-148 bde-div\">\n  \n\t\n\n\n\n<div class=\"bde-text-715-149 bde-text translation-block\" data-entrance=\"slideUp\">In the coolest hours of the day, it's time to taste the grapes and separate them from their stalks. The manual harvest, carried out very early in the morning, makes it easier to select the bunches in the vines, and the work continues in the temperate atmosphere of the cellar.\n<br><br>\nThe wines from Domaine de Saint-Paul, which are produced using organic methods, are divided between stainless steel vats and white oak truncated cone vats. The Syrahs are aged for 12 months in demi-muids and barrels. The most concentrated and tannic Grenaches are aged in demi-muids.\n<br><br>\nDepending on the vintage, the wines are matured for 8 to 12 months, and can be enjoyed young and accompanied by unlimited creative cuisine.<\/div>\n<\/div><\/div>\n<\/section><section class=\"bde-section-715-175 bde-section\">\n  \n\t\n\n\n\n<div class=\"section-container\"><div class=\"bde-image-715-176 bde-image\" data-parallax=\"true\">\n  \n\n\n\n\n\n<figure class=\"breakdance-image breakdance-image--773\">\n\t<div class=\"breakdance-image-container\">\n\t\t<div class=\"breakdance-image-clip\">\n\t\t\t\n\t\t\t\t\n\t\t\t\t\t      \n  \n  \n  \n  \n      \n      <img loading=\"lazy\" decoding=\"async\"\n      class=\"breakdance-image-object\"\n      src=\"https:\/\/www.famillejeune.fr\/wp-content\/uploads\/2024\/01\/StPaul05_parallax.jpg\"\n      width=\"2051\"\n      height=\"1125\"\n      \n      \n                                    srcset=\"https:\/\/www.famillejeune.fr\/wp-content\/uploads\/2024\/01\/StPaul05_parallax.jpg 2051w, https:\/\/www.famillejeune.fr\/wp-content\/uploads\/2024\/01\/StPaul05_parallax-300x165.jpg 300w, https:\/\/www.famillejeune.fr\/wp-content\/uploads\/2024\/01\/StPaul05_parallax-1024x562.jpg 1024w, https:\/\/www.famillejeune.fr\/wp-content\/uploads\/2024\/01\/StPaul05_parallax-768x421.jpg 768w, https:\/\/www.famillejeune.fr\/wp-content\/uploads\/2024\/01\/StPaul05_parallax-1536x843.jpg 1536w, https:\/\/www.famillejeune.fr\/wp-content\/uploads\/2024\/01\/StPaul05_parallax-2048x1123.jpg 2048w\"\n                                                                      >\n  \n\n\t\t\t\t\t\n\t\t\t\t\t\t<\/div>\n\t<\/div>\n\n\t<\/figure>\n\n<\/div><div class=\"bde-div-715-177 bde-div\" data-entrance=\"slideUp\">\n  \n\t\n\n\n\n<div class=\"bde-text-715-178 bde-text\">\nSome of them even remain in the cellar for a very long time, like jewels bearing witness to years of hard work and highflying alchemy.\n<\/div>\n<\/div><\/div>\n<\/section><\/div>","protected":false},"excerpt":{"rendered":"<p>ch\u00e2teauneuf du pape le domaine Dans le sud de l\u2019appellation de Ch\u00e2teauneuf-du-Pape, une petite route bord\u00e9e d\u2019oliviers, de pins et d\u2019amandiers m\u00e8ne au Domaine de Saint-Paul.La fa\u00e7ade Art d\u00e9co de 1934 \u00e9voque la modernit\u00e9 des cuv\u00e9es et invite \u00e0 d\u00e9guster dans l\u2019intimit\u00e9 les vins soign\u00e9s du Domaine. Tel un clos confidentiel, la propri\u00e9t\u00e9 appartient aux [&hellip;]<\/p>","protected":false},"author":4,"featured_media":0,"parent":0,"menu_order":0,"comment_status":"closed","ping_status":"closed","template":"","meta":{"_acf_changed":false,"inline_featured_image":false,"_breakdance_hide_in_design_set":false,"_breakdance_tags":"","footnotes":""},"class_list":["post-715","page","type-page","status-publish","hentry"],"acf":[],"_links":{"self":[{"href":"https:\/\/www.famillejeune.fr\/en\/wp-json\/wp\/v2\/pages\/715","targetHints":{"allow":["GET"]}}],"collection":[{"href":"https:\/\/www.famillejeune.fr\/en\/wp-json\/wp\/v2\/pages"}],"about":[{"href":"https:\/\/www.famillejeune.fr\/en\/wp-json\/wp\/v2\/types\/page"}],"author":[{"embeddable":true,"href":"https:\/\/www.famillejeune.fr\/en\/wp-json\/wp\/v2\/users\/4"}],"replies":[{"embeddable":true,"href":"https:\/\/www.famillejeune.fr\/en\/wp-json\/wp\/v2\/comments?post=715"}],"version-history":[{"count":119,"href":"https:\/\/www.famillejeune.fr\/en\/wp-json\/wp\/v2\/pages\/715\/revisions"}],"predecessor-version":[{"id":3096,"href":"https:\/\/www.famillejeune.fr\/en\/wp-json\/wp\/v2\/pages\/715\/revisions\/3096"}],"wp:attachment":[{"href":"https:\/\/www.famillejeune.fr\/en\/wp-json\/wp\/v2\/media?parent=715"}],"curies":[{"name":"wp","href":"https:\/\/api.w.org\/{rel}","templated":true}]}}