{"id":713,"date":"2024-01-04T14:53:51","date_gmt":"2024-01-04T14:53:51","guid":{"rendered":"https:\/\/www.famillejeune.fr\/?page_id=713"},"modified":"2024-04-23T09:55:01","modified_gmt":"2024-04-23T08:55:01","slug":"domaine-du-grand-tinel","status":"publish","type":"page","link":"https:\/\/www.famillejeune.fr\/en\/domaine-du-grand-tinel\/","title":{"rendered":"Domaine du Grand Tinel"},"content":{"rendered":"<div class='breakdance'><section class=\"bde-section-713-100 bde-section container-principal\">\n  \n\t\n\n\n\n<div class=\"section-container\"><div class=\"bde-image-713-195 bde-image\" data-parallax=\"true\">\n  \n\n\n\n\n\n<figure class=\"breakdance-image breakdance-image--737\">\n\t<div class=\"breakdance-image-container\">\n\t\t<div class=\"breakdance-image-clip\">\n\t\t\t\n\t\t\t\t\n\t\t\t\t\t      \n  \n  \n  \n  \n      \n      <img loading=\"lazy\" decoding=\"async\"\n      class=\"breakdance-image-object\"\n      src=\"https:\/\/www.famillejeune.fr\/wp-content\/uploads\/2024\/01\/bouteille_Tinel-scaled.jpg\"\n      width=\"2560\"\n      height=\"1439\"\n      \n      \n                                    srcset=\"https:\/\/www.famillejeune.fr\/wp-content\/uploads\/2024\/01\/bouteille_Tinel-scaled.jpg 2560w, https:\/\/www.famillejeune.fr\/wp-content\/uploads\/2024\/01\/bouteille_Tinel-300x169.jpg 300w, https:\/\/www.famillejeune.fr\/wp-content\/uploads\/2024\/01\/bouteille_Tinel-1024x576.jpg 1024w, https:\/\/www.famillejeune.fr\/wp-content\/uploads\/2024\/01\/bouteille_Tinel-768x432.jpg 768w, https:\/\/www.famillejeune.fr\/wp-content\/uploads\/2024\/01\/bouteille_Tinel-1536x864.jpg 1536w, https:\/\/www.famillejeune.fr\/wp-content\/uploads\/2024\/01\/bouteille_Tinel-2048x1151.jpg 2048w\"\n                                                                      >\n  \n\n\t\t\t\t\t\n\t\t\t\t\t\t<\/div>\n\t<\/div>\n\n\t<\/figure>\n\n<\/div><div class=\"bde-div-713-194 bde-div\" data-entrance=\"slideUp\" data-parallax=\"true\">\n  \n\t\n\n\n\n<div class=\"bde-image-713-101 bde-image\">\n  \n\n\n\n\n\n<figure class=\"breakdance-image breakdance-image--2616\">\n\t<div class=\"breakdance-image-container\">\n\t\t<div class=\"breakdance-image-clip\">\n\t\t\t\n\t\t\t\t\n\t\t\t\t\t      \n  \n  \n  \n  \n      \n      <img loading=\"lazy\" decoding=\"async\"\n      class=\"breakdance-image-object\"\n      src=\"https:\/\/www.famillejeune.fr\/wp-content\/uploads\/2024\/01\/GrandTinel.svg\"\n      width=\"300\"\n      height=\"300\"\n      \n      \n                                                                  >\n  \n\n\t\t\t\t\t\n\t\t\t\t\t\t<\/div>\n\t<\/div>\n\n\t<\/figure>\n\n<\/div><h1 class=\"bde-heading-713-106 bde-heading\">\nCh\u00e2teauneuf du Pape\n<\/h1>\n<\/div><div class=\"bde-code-block-713-104 bde-code-block\">\n\n  <a class=\"scroll-down\" href=\"#domaine\">\n\t<img decoding=\"async\" src=\"https:\/\/www.famillejeune.fr\/wp-content\/uploads\/2024\/01\/chevron-scroll-dwon.svg\" alt=\"scroll down\">\n<\/a>\n\n\n<\/div><\/div>\n<\/section><section id=\"domaine\" class=\"bde-section-713-114 bde-section\">\n  \n\t\n\n\n\n<div class=\"section-container\"><div class=\"bde-image-713-196 bde-image\" data-entrance=\"slideLeft\">\n  \n\n\n\n\n\n<figure class=\"breakdance-image breakdance-image--1726\">\n\t<div class=\"breakdance-image-container\">\n\t\t<div class=\"breakdance-image-clip\">\n\t\t\t\n\t\t\t\t\n\t\t\t\t\t      \n  \n  \n  \n  \n      \n      <img loading=\"lazy\" decoding=\"async\"\n      class=\"breakdance-image-object\"\n      src=\"https:\/\/www.famillejeune.fr\/wp-content\/uploads\/2024\/01\/bl.svg\"\n      width=\"496\"\n      height=\"624\"\n      \n      \n                                                                  >\n  \n\n\t\t\t\t\t\n\t\t\t\t\t\t<\/div>\n\t<\/div>\n\n\t<\/figure>\n\n<\/div><div class=\"bde-div-713-147 bde-div\" data-entrance=\"slideUp\">\n  \n\t\n\n\n\n<h2 class=\"bde-heading-713-146 bde-heading\">\nthe estate\n<\/h2><div class=\"bde-fancy-divider-713-149 bde-fancy-divider\">\n\n\n<div class=\"bde-fancy-divider__wrapper\">\n  <div class=\"bde-fancy-divider__separator\">\n  \t  <\/div>\n<\/div>\n\n<\/div><div class=\"bde-text-713-140 bde-text translation-block\">The odyssey is located between Avignon and Orange, on the banks of the Rh\u00f4ne, where the popes, seduced by the area, took up residence in the 14th century.The Grand Tinel estate was created in 1972 and already boasts a long history.\n<br><br>\nThe fruit of the union of the Jeune and Establet families, both of whom have been winegrowers since the eighteenth century, the estate has grown in line with the nectars produced over the years.\n<br><br>\nToday, B\u00e9atrice, Isabelle and Christophe Jeune run the estate with passion and commitment, accompanied by Saint-Pierre, guardian of a golden key to the heavenly wine and another in silver, anchored in an ageless vineyard.<\/div>\n<\/div><div class=\"bde-columns-713-137 bde-columns\"><div class=\"bde-column-713-138 bde-column\">\n  \n\t\n\n\n\n<div class=\"bde-div-713-150 bde-div\" data-entrance=\"fade\">\n  \n\t\n\n\n\n<h3 class=\"bde-heading-713-139 bde-heading\">\n\u00ab Tina \u00bb,\n<\/h3><div class=\"bde-text-713-145 bde-text\">\nthe Latin word for barrel, also refers to the cellar where the wines age, the place where the fruit comes to life, then settles and gains in wisdom, to the delight of discerning palates.\n<\/div>\n<\/div>\n<\/div><div class=\"bde-column-713-141 bde-column\">\n  \n\t\n\n\n\n<div class=\"bde-div-713-197 bde-div\">\n  \n\t\n\n\n\n<div class=\"bde-image-713-142 bde-image\" data-parallax=\"true\">\n  \n\n\n\n\n\n<figure class=\"breakdance-image breakdance-image--739\">\n\t<div class=\"breakdance-image-container\">\n\t\t<div class=\"breakdance-image-clip\">\n\t\t\t\n\t\t\t\t\n\t\t\t\t\t      \n  \n  \n  \n  \n      \n      <img loading=\"lazy\" decoding=\"async\"\n      class=\"breakdance-image-object\"\n      src=\"https:\/\/www.famillejeune.fr\/wp-content\/uploads\/2024\/01\/caveTinelNB_parallax_scale.jpg\"\n      width=\"948\"\n      height=\"1199\"\n      \n      \n                                    srcset=\"https:\/\/www.famillejeune.fr\/wp-content\/uploads\/2024\/01\/caveTinelNB_parallax_scale.jpg 948w, https:\/\/www.famillejeune.fr\/wp-content\/uploads\/2024\/01\/caveTinelNB_parallax_scale-237x300.jpg 237w, https:\/\/www.famillejeune.fr\/wp-content\/uploads\/2024\/01\/caveTinelNB_parallax_scale-810x1024.jpg 810w, https:\/\/www.famillejeune.fr\/wp-content\/uploads\/2024\/01\/caveTinelNB_parallax_scale-768x971.jpg 768w\"\n                                                                      >\n  \n\n\t\t\t\t\t\n\t\t\t\t\t\t<\/div>\n\t<\/div>\n\n\t<\/figure>\n\n<\/div>\n<\/div>\n<\/div><\/div><div class=\"bde-div-713-198 bde-div\">\n  \n\t\n\n\n\n<div class=\"bde-image-713-200 bde-image\" data-parallax=\"true\">\n  \n\n\n\n\n\n<figure class=\"breakdance-image breakdance-image--740\">\n\t<div class=\"breakdance-image-container\">\n\t\t<div class=\"breakdance-image-clip\">\n\t\t\t\n\t\t\t\t\n\t\t\t\t\t      \n  \n  \n  \n  \n      \n      <img loading=\"lazy\" decoding=\"async\"\n      class=\"breakdance-image-object\"\n      src=\"https:\/\/www.famillejeune.fr\/wp-content\/uploads\/2024\/01\/caveFut_parallax_scale.jpg\"\n      width=\"534\"\n      height=\"525\"\n      \n      \n                                    srcset=\"https:\/\/www.famillejeune.fr\/wp-content\/uploads\/2024\/01\/caveFut_parallax_scale.jpg 534w, https:\/\/www.famillejeune.fr\/wp-content\/uploads\/2024\/01\/caveFut_parallax_scale-300x295.jpg 300w\"\n                                                                      >\n  \n\n\t\t\t\t\t\n\t\t\t\t\t\t<\/div>\n\t<\/div>\n\n\t<\/figure>\n\n<\/div>\n<\/div><\/div>\n<\/section><section class=\"bde-section-713-151 bde-section\">\n  \n\t\n\n\n\n<div class=\"section-container\"><div class=\"bde-div-713-156 bde-div\" data-entrance=\"slideUp\">\n  \n\t\n\n\n\n<h2 class=\"bde-heading-713-157 bde-heading\">\nThe vineyard\n<\/h2><div class=\"bde-fancy-divider-713-158 bde-fancy-divider\">\n\n\n<div class=\"bde-fancy-divider__wrapper\">\n  <div class=\"bde-fancy-divider__separator\">\n  \t  <\/div>\n<\/div>\n\n<\/div><div class=\"bde-text-713-159 bde-text translation-block\">From the iconic Gardiole district in the north of the appellation, the view of Mont Ventoux and the Dentelles de Montmirail is unique.\nAround the historic 32-hectare parcel, the fragrant arbutus, cypress, oak and almond trees are home to an effervescent fauna. This wildlife naturally contributes to the well-being of the vineyard, which has been certified as High Environmental Value since 2020.\nIn winter, the ewes fertilise the soil while the vines rest. In the spring, life explodes and the cohabitation with the local inhabitants is virtuous. The Domaine du Grand Tinel is taking part in a collective action across the AOC to eradicate pest populations using pheromones, without harming the natural enemies.\n<br><br>\nThe roots of the hundred-year-old vines wisely penetrate the depths of the safre sand, while on the surface, weeding is carried out manually and mechanically. In the face of climate change, in the 69 hectares of rows, as in the winery, the adaptation is subtle and daily for ever finer wines in AOC Ch\u00e2teauneuf-du-Pape and AOC C\u00f4tes-du-rh\u00f4ne.<\/div>\n<\/div><\/div>\n<\/section><section class=\"bde-section-713-160 bde-section\">\n  \n\t\n\n\n\n<div class=\"section-container\"><div class=\"bde-image-713-201 bde-image\" data-parallax=\"true\">\n  \n\n\n\n\n\n<figure class=\"breakdance-image breakdance-image--743\">\n\t<div class=\"breakdance-image-container\">\n\t\t<div class=\"breakdance-image-clip\">\n\t\t\t\n\t\t\t\t\n\t\t\t\t\t      \n  \n  \n  \n  \n      \n      <img loading=\"lazy\" decoding=\"async\"\n      class=\"breakdance-image-object\"\n      src=\"https:\/\/www.famillejeune.fr\/wp-content\/uploads\/2024\/01\/vignoble_parallax.jpg\"\n      width=\"2051\"\n      height=\"1350\"\n      \n      \n                                    srcset=\"https:\/\/www.famillejeune.fr\/wp-content\/uploads\/2024\/01\/vignoble_parallax.jpg 2051w, https:\/\/www.famillejeune.fr\/wp-content\/uploads\/2024\/01\/vignoble_parallax-300x197.jpg 300w, https:\/\/www.famillejeune.fr\/wp-content\/uploads\/2024\/01\/vignoble_parallax-1024x674.jpg 1024w, https:\/\/www.famillejeune.fr\/wp-content\/uploads\/2024\/01\/vignoble_parallax-768x506.jpg 768w, https:\/\/www.famillejeune.fr\/wp-content\/uploads\/2024\/01\/vignoble_parallax-1536x1011.jpg 1536w, https:\/\/www.famillejeune.fr\/wp-content\/uploads\/2024\/01\/vignoble_parallax-2048x1348.jpg 2048w\"\n                                                                      >\n  \n\n\t\t\t\t\t\n\t\t\t\t\t\t<\/div>\n\t<\/div>\n\n\t<\/figure>\n\n<\/div><div class=\"bde-div-713-165 bde-div\" data-entrance=\"slideLeft\">\n  \n\t\n\n\n\n<div class=\"bde-text-713-166 bde-text\">\nThe roots of the century-old vines penetrate wisely into the depths of the safre sands, while on the surface, weeding is done manually and mechanically.\n<\/div>\n<\/div><\/div>\n<\/section><section class=\"bde-section-713-167 bde-section\">\n  \n\t\n\n\n\n<div class=\"section-container\"><div class=\"bde-columns-713-168 bde-columns\"><div class=\"bde-column-713-173 bde-column\">\n  \n\t\n\n\n\n<div class=\"bde-div-713-202 bde-div\">\n  \n\t\n\n\n\n<div class=\"bde-image-713-174 bde-image\" data-parallax=\"true\">\n  \n\n\n\n\n\n<figure class=\"breakdance-image breakdance-image--744\">\n\t<div class=\"breakdance-image-container\">\n\t\t<div class=\"breakdance-image-clip\">\n\t\t\t\n\t\t\t\t\n\t\t\t\t\t      \n  \n  \n  \n  \n      \n      <img loading=\"lazy\" decoding=\"async\"\n      class=\"breakdance-image-object\"\n      src=\"https:\/\/www.famillejeune.fr\/wp-content\/uploads\/2024\/01\/RAISIN_parallax_scale.jpg\"\n      width=\"948\"\n      height=\"1017\"\n      \n      \n                                    srcset=\"https:\/\/www.famillejeune.fr\/wp-content\/uploads\/2024\/01\/RAISIN_parallax_scale.jpg 948w, https:\/\/www.famillejeune.fr\/wp-content\/uploads\/2024\/01\/RAISIN_parallax_scale-280x300.jpg 280w, https:\/\/www.famillejeune.fr\/wp-content\/uploads\/2024\/01\/RAISIN_parallax_scale-768x824.jpg 768w\"\n                                                                      >\n  \n\n\t\t\t\t\t\n\t\t\t\t\t\t<\/div>\n\t<\/div>\n\n\t<\/figure>\n\n<\/div>\n<\/div>\n<\/div><div class=\"bde-column-713-169 bde-column\">\n  \n\t\n\n\n\n<div class=\"bde-div-713-170 bde-div\" data-entrance=\"slideUp\">\n  \n\t\n\n\n\n<h2 class=\"bde-heading-713-175 bde-heading\">\nthe cellar\n<\/h2><div class=\"bde-fancy-divider-713-176 bde-fancy-divider\">\n\n\n<div class=\"bde-fancy-divider__wrapper\">\n  <div class=\"bde-fancy-divider__separator\">\n  \t  <\/div>\n<\/div>\n\n<\/div><div class=\"bde-text-713-177 bde-text translation-block\">While Grenache remains the vineyard's king grape variety, the Jeune family also grows Syrah, Mourv\u00e8dre and Counoise, for its spiciness.\n<br><br>\nOf course, bourboulenc, clairette, roussanne and white grenache are also grown, contributing to the inimitable style of these wines made from terroirs developed since the 18th century between rolled pebbles and red clay.<\/div>\n<\/div>\n<\/div><\/div><\/div>\n<\/section><section class=\"bde-section-713-178 bde-section\">\n  \n\t\n\n\n\n<div class=\"section-container\"><div class=\"bde-columns-713-179 bde-columns\"><div class=\"bde-column-713-180 bde-column\">\n  \n\t\n\n\n\n<div class=\"bde-image-713-181 bde-image\" data-entrance=\"slideUp\">\n  \n\n\n\n\n\n<figure class=\"breakdance-image breakdance-image--746\">\n\t<div class=\"breakdance-image-container\">\n\t\t<div class=\"breakdance-image-clip\">\n\t\t\t\n\t\t\t\t\n\t\t\t\t\t      \n  \n  \n  \n  \n      \n      <img loading=\"lazy\" decoding=\"async\"\n      class=\"breakdance-image-object\"\n      src=\"https:\/\/www.famillejeune.fr\/wp-content\/uploads\/2024\/01\/cave01.jpg\"\n      width=\"800\"\n      height=\"1299\"\n      \n      \n                                    srcset=\"https:\/\/www.famillejeune.fr\/wp-content\/uploads\/2024\/01\/cave01.jpg 800w, https:\/\/www.famillejeune.fr\/wp-content\/uploads\/2024\/01\/cave01-185x300.jpg 185w, https:\/\/www.famillejeune.fr\/wp-content\/uploads\/2024\/01\/cave01-631x1024.jpg 631w, https:\/\/www.famillejeune.fr\/wp-content\/uploads\/2024\/01\/cave01-768x1247.jpg 768w\"\n                                                                      >\n  \n\n\t\t\t\t\t\n\t\t\t\t\t\t<\/div>\n\t<\/div>\n\n\t<\/figure>\n\n<\/div>\n<\/div><div class=\"bde-column-713-182 bde-column\">\n  \n\t\n\n\n\n<div class=\"bde-image-713-183 bde-image\" data-entrance=\"slideUp\">\n  \n\n\n\n\n\n<figure class=\"breakdance-image breakdance-image--747\">\n\t<div class=\"breakdance-image-container\">\n\t\t<div class=\"breakdance-image-clip\">\n\t\t\t\n\t\t\t\t\n\t\t\t\t\t      \n  \n  \n  \n  \n      \n      <img loading=\"lazy\" decoding=\"async\"\n      class=\"breakdance-image-object\"\n      src=\"https:\/\/www.famillejeune.fr\/wp-content\/uploads\/2024\/01\/Christophe02.jpg\"\n      width=\"800\"\n      height=\"1299\"\n      \n      \n                                    srcset=\"https:\/\/www.famillejeune.fr\/wp-content\/uploads\/2024\/01\/Christophe02.jpg 800w, https:\/\/www.famillejeune.fr\/wp-content\/uploads\/2024\/01\/Christophe02-185x300.jpg 185w, https:\/\/www.famillejeune.fr\/wp-content\/uploads\/2024\/01\/Christophe02-631x1024.jpg 631w, https:\/\/www.famillejeune.fr\/wp-content\/uploads\/2024\/01\/Christophe02-768x1247.jpg 768w\"\n                                                                      >\n  \n\n\t\t\t\t\t\n\t\t\t\t\t\t<\/div>\n\t<\/div>\n\n\t<\/figure>\n\n<\/div>\n<\/div><div class=\"bde-column-713-184 bde-column\">\n  \n\t\n\n\n\n<div class=\"bde-image-713-185 bde-image\" data-entrance=\"slideUp\">\n  \n\n\n\n\n\n<figure class=\"breakdance-image breakdance-image--748\">\n\t<div class=\"breakdance-image-container\">\n\t\t<div class=\"breakdance-image-clip\">\n\t\t\t\n\t\t\t\t\n\t\t\t\t\t      \n  \n  \n  \n  \n      \n      <img loading=\"lazy\" decoding=\"async\"\n      class=\"breakdance-image-object\"\n      src=\"https:\/\/www.famillejeune.fr\/wp-content\/uploads\/2024\/01\/futs03.jpg\"\n      width=\"800\"\n      height=\"1299\"\n      \n      \n                                    srcset=\"https:\/\/www.famillejeune.fr\/wp-content\/uploads\/2024\/01\/futs03.jpg 800w, https:\/\/www.famillejeune.fr\/wp-content\/uploads\/2024\/01\/futs03-185x300.jpg 185w, https:\/\/www.famillejeune.fr\/wp-content\/uploads\/2024\/01\/futs03-631x1024.jpg 631w, https:\/\/www.famillejeune.fr\/wp-content\/uploads\/2024\/01\/futs03-768x1247.jpg 768w\"\n                                                                      >\n  \n\n\t\t\t\t\t\n\t\t\t\t\t\t<\/div>\n\t<\/div>\n\n\t<\/figure>\n\n<\/div>\n<\/div><\/div><\/div>\n<\/section><section class=\"bde-section-713-186 bde-section\">\n  \n\t\n\n\n\n<div class=\"section-container\"><div class=\"bde-div-713-187 bde-div\">\n  \n\t\n\n\n\n<div class=\"bde-text-713-190 bde-text translation-block\" data-entrance=\"slideUp\">In the winery, a contemporary combination of stainless steel, concrete and wood vats allows the winemaker to exercise his art and extract the quintessence of what nature provides. The skilful and delicate gestures are punctuated by traces of the past, portraits, archives and unusual objects. The sequence of spaces and levels turns your head and takes you into the other beating heart of the Grand Tinel estate, where everything happens, where everything is created.<br><br>\nNaturally refreshed by the precious presence of spring water in the subsoil, the budding wines mature in oak tuns, demimuids and barrels for as long as they need.<\/div>\n<\/div><\/div>\n<\/section><section class=\"bde-section-713-191 bde-section\">\n  \n\t\n\n\n\n<div class=\"section-container\"><div class=\"bde-image-713-203 bde-image\" data-parallax=\"true\">\n  \n\n\n\n\n\n<figure class=\"breakdance-image breakdance-image--2937\">\n\t<div class=\"breakdance-image-container\">\n\t\t<div class=\"breakdance-image-clip\">\n\t\t\t\n\t\t\t\t\n\t\t\t\t\t      \n  \n  \n  \n  \n      \n      <img loading=\"lazy\" decoding=\"async\"\n      class=\"breakdance-image-object\"\n      src=\"https:\/\/www.famillejeune.fr\/wp-content\/uploads\/2024\/02\/Tinel-386-1.jpg\"\n      width=\"2051\"\n      height=\"1125\"\n      alt=\"Vinoth\u00e8que de la famille Jeune, bouteilles de vieux mill\u00e9sime, bo\u00eete en bois\"\n      \n                                    srcset=\"https:\/\/www.famillejeune.fr\/wp-content\/uploads\/2024\/02\/Tinel-386-1.jpg 2051w, https:\/\/www.famillejeune.fr\/wp-content\/uploads\/2024\/02\/Tinel-386-1-300x165.jpg 300w, https:\/\/www.famillejeune.fr\/wp-content\/uploads\/2024\/02\/Tinel-386-1-1024x562.jpg 1024w, https:\/\/www.famillejeune.fr\/wp-content\/uploads\/2024\/02\/Tinel-386-1-768x421.jpg 768w, https:\/\/www.famillejeune.fr\/wp-content\/uploads\/2024\/02\/Tinel-386-1-1536x843.jpg 1536w, https:\/\/www.famillejeune.fr\/wp-content\/uploads\/2024\/02\/Tinel-386-1-2048x1123.jpg 2048w\"\n                                                                      >\n  \n\n\t\t\t\t\t\n\t\t\t\t\t\t<\/div>\n\t<\/div>\n\n\t<\/figure>\n\n<\/div><div class=\"bde-div-713-192 bde-div\" data-entrance=\"slideUp\">\n  \n\t\n\n\n\n<div class=\"bde-text-713-193 bde-text\">\nSome of them even remain in the cellar for a very long time, like jewels bearing witness to years of hard work and highflying alchemy.\n<\/div>\n<\/div><\/div>\n<\/section><\/div>","protected":false},"excerpt":{"rendered":"<p>Ch\u00e2teauneuf du Pape le domaine L\u2019odyss\u00e9e se situe entre Avignon et Orange, \u00e0 fleur de Rh\u00f4ne, l\u00e0 o\u00f9 les papes, s\u00e9duits par les lieux, ont \u00e9lu domicile au XIVe si\u00e8cle. Le domaine du Grand Tinel, n\u00e9 en 1972 est d\u00e9j\u00e0 riche d\u2019une longue histoire.\u2028Fruit de l\u2019union des familles Jeune et Establet, dont chacun est vigneron [&hellip;]<\/p>","protected":false},"author":4,"featured_media":0,"parent":0,"menu_order":0,"comment_status":"closed","ping_status":"closed","template":"","meta":{"_acf_changed":false,"inline_featured_image":false,"_breakdance_hide_in_design_set":false,"_breakdance_tags":"","footnotes":""},"class_list":["post-713","page","type-page","status-publish","hentry"],"acf":[],"_links":{"self":[{"href":"https:\/\/www.famillejeune.fr\/en\/wp-json\/wp\/v2\/pages\/713","targetHints":{"allow":["GET"]}}],"collection":[{"href":"https:\/\/www.famillejeune.fr\/en\/wp-json\/wp\/v2\/pages"}],"about":[{"href":"https:\/\/www.famillejeune.fr\/en\/wp-json\/wp\/v2\/types\/page"}],"author":[{"embeddable":true,"href":"https:\/\/www.famillejeune.fr\/en\/wp-json\/wp\/v2\/users\/4"}],"replies":[{"embeddable":true,"href":"https:\/\/www.famillejeune.fr\/en\/wp-json\/wp\/v2\/comments?post=713"}],"version-history":[{"count":166,"href":"https:\/\/www.famillejeune.fr\/en\/wp-json\/wp\/v2\/pages\/713\/revisions"}],"predecessor-version":[{"id":3097,"href":"https:\/\/www.famillejeune.fr\/en\/wp-json\/wp\/v2\/pages\/713\/revisions\/3097"}],"wp:attachment":[{"href":"https:\/\/www.famillejeune.fr\/en\/wp-json\/wp\/v2\/media?parent=713"}],"curies":[{"name":"wp","href":"https:\/\/api.w.org\/{rel}","templated":true}]}}