{"id":3485,"date":"2024-11-20T10:50:52","date_gmt":"2024-11-20T09:50:52","guid":{"rendered":"https:\/\/www.famillejeune.fr\/?page_id=3485"},"modified":"2026-04-28T15:59:06","modified_gmt":"2026-04-28T14:59:06","slug":"oenotourisme","status":"publish","type":"page","link":"https:\/\/www.famillejeune.fr\/en\/oenotourisme\/","title":{"rendered":"Wine tourism"},"content":{"rendered":"<div class='breakdance'><section class=\"bde-section-3485-100 bde-section container-principal\">\n  \n\t\n\n\n\n<div class=\"section-container\"><div class=\"bde-image-3485-195 bde-image\" data-parallax=\"true\">\n  \n\n\n\n\n\n<figure class=\"breakdance-image breakdance-image--3490\">\n\t<div class=\"breakdance-image-container\">\n\t\t<div class=\"breakdance-image-clip\">\n\t\t\t\n\t\t\t\t\n\t\t\t\t\t      \n  \n  \n  \n  \n      \n      <img loading=\"lazy\" decoding=\"async\"\n      class=\"breakdance-image-object\"\n      src=\"https:\/\/www.famillejeune.fr\/wp-content\/uploads\/2024\/11\/Groupe-199.jpg\"\n      width=\"2049\"\n      height=\"1152\"\n      alt=\"Fond d\u00e9coratif repr\u00e9sentant le logo du domaine Grand Tinel en bois\"\n      \n                                    srcset=\"https:\/\/www.famillejeune.fr\/wp-content\/uploads\/2024\/11\/Groupe-199.jpg 2049w, https:\/\/www.famillejeune.fr\/wp-content\/uploads\/2024\/11\/Groupe-199-300x169.jpg 300w, https:\/\/www.famillejeune.fr\/wp-content\/uploads\/2024\/11\/Groupe-199-1024x576.jpg 1024w, https:\/\/www.famillejeune.fr\/wp-content\/uploads\/2024\/11\/Groupe-199-768x432.jpg 768w, https:\/\/www.famillejeune.fr\/wp-content\/uploads\/2024\/11\/Groupe-199-1536x864.jpg 1536w, https:\/\/www.famillejeune.fr\/wp-content\/uploads\/2024\/11\/Groupe-199-18x10.jpg 18w\"\n                                                                      >\n  \n\n\t\t\t\t\t\n\t\t\t\t\t\t<\/div>\n\t<\/div>\n\n\t<\/figure>\n\n<\/div><div class=\"bde-div-3485-223 bde-div\" data-entrance=\"slideUp\" data-parallax=\"true\">\n  \n\t\n\n\n\n<h1 class=\"bde-heading-3485-224 bde-heading\">\nWINE TOURISM\n<\/h1>\n<\/div><div class=\"bde-code-block-3485-104 bde-code-block\">\n\n  <a class=\"scroll-down\" href=\"#domaine\">\n\t<img decoding=\"async\" src=\"https:\/\/www.famillejeune.fr\/wp-content\/uploads\/2024\/01\/chevron-scroll-dwon.svg\" alt=\"scroll down\">\n<\/a>\n\n\n<\/div><\/div>\n<\/section><section id=\"domaine\" class=\"bde-section-3485-114 bde-section\">\n  \n\t\n\n\n\n<div class=\"section-container\"><div class=\"bde-columns-3485-137 bde-columns\"><div class=\"bde-column-3485-138 bde-column\">\n  \n\t\n\n\n\n<div class=\"bde-div-3485-150 bde-div\" data-entrance=\"fade\">\n  \n\t\n\n\n\n<h3 class=\"bde-heading-3485-139 bde-heading\">\nTASTING\n<\/h3><div class=\"bde-text-3485-145 bde-text\">\nWe welcome you to our sales and tasting cellar throughout the year, Monday to Friday, 9am to\n12pm and 2pm to 5.30pm, to help you discover our range of wines. Saturdays and Sundays by\nappointment only.<br><br>Come and taste a selection of our white and red AOC*Ch\u00e2teauneuf-du-Pape and C\u00f4tes-du-Rh\u00f4ne wines in an intimate, family atmospher.<br><br>Reservations preferred but not required, except on weekends.<br><br>*Appellation d'origine contr\u00f4l\u00e9e.\n<\/div><div class=\"bde-text-3485-204 bde-text\">\nPRICE: FREE OF CHARGE.\n<\/div><div class=\"bde-text-3485-205 bde-text\">\nLanguages spoken: French and English.\n<\/div><div class=\"bde-text-3485-207 bde-text\">\nPOUR LES GROUPES COMPOS\u00c9S DE PLUS DE 16 PERSONNES OU POUR TOUTE DEMANDE SP\u00c9CIFIQUE, MERCI DE NOUS CONTACTER PAR MAIL OU PAR T\u00c9L\u00c9PHONE \u00c0 :\n<\/div><div class=\"bde-text-3485-206 bde-text\">\ncontact@famillejeune.fr<br>+33 (0)4 90 83 70 28\n<\/div>\n<\/div>\n<\/div><div class=\"bde-column-3485-141 bde-column\">\n  \n\t\n\n\n\n<div class=\"bde-div-3485-197 bde-div\">\n  \n\t\n\n\n\n<div class=\"bde-image-3485-142 bde-image\">\n  \n\n\n\n\n\n<figure class=\"breakdance-image breakdance-image--3865\">\n\t<div class=\"breakdance-image-container\">\n\t\t<div class=\"breakdance-image-clip\">\n\t\t\t\n\t\t\t\t\n\t\t\t\t\t      \n  \n  \n  \n  \n      \n      <img loading=\"lazy\" decoding=\"async\"\n      class=\"breakdance-image-object\"\n      src=\"https:\/\/www.famillejeune.fr\/wp-content\/uploads\/2026\/04\/IMG_3306-scaled.jpeg\"\n      width=\"1920\"\n      height=\"2560\"\n      \n      \n                                    srcset=\"https:\/\/www.famillejeune.fr\/wp-content\/uploads\/2026\/04\/IMG_3306-scaled.jpeg 1920w, https:\/\/www.famillejeune.fr\/wp-content\/uploads\/2026\/04\/IMG_3306-225x300.jpeg 225w, https:\/\/www.famillejeune.fr\/wp-content\/uploads\/2026\/04\/IMG_3306-768x1024.jpeg 768w, https:\/\/www.famillejeune.fr\/wp-content\/uploads\/2026\/04\/IMG_3306-1152x1536.jpeg 1152w, https:\/\/www.famillejeune.fr\/wp-content\/uploads\/2026\/04\/IMG_3306-1536x2048.jpeg 1536w, https:\/\/www.famillejeune.fr\/wp-content\/uploads\/2026\/04\/IMG_3306-9x12.jpeg 9w\"\n                                                                      >\n  \n\n\t\t\t\t\t\n\t\t\t\t\t\t<\/div>\n\t<\/div>\n\n\t<\/figure>\n\n<\/div>\n<\/div>\n<\/div><\/div><div class=\"bde-div-3485-198 bde-div\">\n  \n\t\n\n\n\n<div class=\"bde-image-3485-200 bde-image\">\n  \n\n\n\n\n\n<figure class=\"breakdance-image breakdance-image--3867\">\n\t<div class=\"breakdance-image-container\">\n\t\t<div class=\"breakdance-image-clip\">\n\t\t\t\n\t\t\t\t\n\t\t\t\t\t      \n  \n  \n  \n  \n      \n      <img loading=\"lazy\" decoding=\"async\"\n      class=\"breakdance-image-object\"\n      src=\"https:\/\/www.famillejeune.fr\/wp-content\/uploads\/2026\/04\/Tinel-336-scaled.jpg\"\n      width=\"1707\"\n      height=\"2560\"\n      \n      \n                                    srcset=\"https:\/\/www.famillejeune.fr\/wp-content\/uploads\/2026\/04\/Tinel-336-scaled.jpg 1707w, https:\/\/www.famillejeune.fr\/wp-content\/uploads\/2026\/04\/Tinel-336-200x300.jpg 200w, https:\/\/www.famillejeune.fr\/wp-content\/uploads\/2026\/04\/Tinel-336-683x1024.jpg 683w, https:\/\/www.famillejeune.fr\/wp-content\/uploads\/2026\/04\/Tinel-336-768x1152.jpg 768w, https:\/\/www.famillejeune.fr\/wp-content\/uploads\/2026\/04\/Tinel-336-1024x1536.jpg 1024w, https:\/\/www.famillejeune.fr\/wp-content\/uploads\/2026\/04\/Tinel-336-1365x2048.jpg 1365w, https:\/\/www.famillejeune.fr\/wp-content\/uploads\/2026\/04\/Tinel-336-8x12.jpg 8w\"\n                                                                      >\n  \n\n\t\t\t\t\t\n\t\t\t\t\t\t<\/div>\n\t<\/div>\n\n\t<\/figure>\n\n<\/div>\n<\/div><\/div>\n<\/section><section id=\"domaine\" class=\"bde-section-3485-208 bde-section\">\n  \n\t\n\n\n\n<div class=\"section-container\"><div class=\"bde-columns-3485-209 bde-columns\"><div class=\"bde-column-3485-218 bde-column\">\n  \n\t\n\n\n\n<div class=\"bde-div-3485-219 bde-div\">\n  \n\t\n\n\n\n<div class=\"bde-image-3485-220 bde-image\">\n  \n\n\n\n\n\n<figure class=\"breakdance-image breakdance-image--3863\">\n\t<div class=\"breakdance-image-container\">\n\t\t<div class=\"breakdance-image-clip\">\n\t\t\t\n\t\t\t\t\n\t\t\t\t\t      \n  \n  \n  \n  \n      \n      <img loading=\"lazy\" decoding=\"async\"\n      class=\"breakdance-image-object\"\n      src=\"https:\/\/www.famillejeune.fr\/wp-content\/uploads\/2026\/04\/Tinel-361-scaled.jpg\"\n      width=\"2560\"\n      height=\"1707\"\n      \n      \n                                    srcset=\"https:\/\/www.famillejeune.fr\/wp-content\/uploads\/2026\/04\/Tinel-361-scaled.jpg 2560w, https:\/\/www.famillejeune.fr\/wp-content\/uploads\/2026\/04\/Tinel-361-300x200.jpg 300w, https:\/\/www.famillejeune.fr\/wp-content\/uploads\/2026\/04\/Tinel-361-1024x683.jpg 1024w, https:\/\/www.famillejeune.fr\/wp-content\/uploads\/2026\/04\/Tinel-361-768x512.jpg 768w, https:\/\/www.famillejeune.fr\/wp-content\/uploads\/2026\/04\/Tinel-361-1536x1024.jpg 1536w, https:\/\/www.famillejeune.fr\/wp-content\/uploads\/2026\/04\/Tinel-361-2048x1365.jpg 2048w, https:\/\/www.famillejeune.fr\/wp-content\/uploads\/2026\/04\/Tinel-361-18x12.jpg 18w\"\n                                                                      >\n  \n\n\t\t\t\t\t\n\t\t\t\t\t\t<\/div>\n\t<\/div>\n\n\t<\/figure>\n\n<\/div>\n<\/div>\n<\/div><div class=\"bde-column-3485-210 bde-column\">\n  \n\t\n\n\n\n<div class=\"bde-div-3485-211 bde-div\" data-entrance=\"fade\">\n  \n\t\n\n\n\n<h3 class=\"bde-heading-3485-212 bde-heading\">\nCELLAR TOUR\n<\/h3><div class=\"bde-text-3485-213 bde-text\">\nBy appointment only, we offer a guided tour of our winery, followed by a tasting of our wines in the cellar.<br><br>The cellar features a contemporary combination of stainless steel, concrete and wood vats.\nDuring your visit, you will also discover some genuine relics of the past.<br><br>The cellar offers a selection of 5 wines, including our prestigious Alexis Establet and H\u00e9r\u00e8s AOC* Ch\u00e2teauneuf-du-Pape.<br><br>*Appellation d'origine contr\u00f4l\u00e9e.\n<\/div><div class=\"bde-text-3485-215 bde-text\">\nLanguages spoken: French and English.\n<\/div><div class=\"bde-button-3485-226 bde-button\">\n    \n                                    \n    \n    \n    \n    \n            \n                    \n            \n            \n\n    \n    \n    \n    \n    <a class=\"breakdance-link button-atom button-atom--secondary bde-button__button\" href=\"https:\/\/www.winedering.com\/fr\/private-cellar-tour-and-tasting-at-the-domaine-du-grand-tinel_d9558_travel\" target=\"_blank\" data-type=\"url\"  >\n\n    \n        <span class=\"button-atom__text\">R\u00c9SERVER<\/span>\n\n        \n        \n                <\/a>\n\n    \n\n\n<\/div><div class=\"bde-text-3485-216 bde-text\">\nPOUR LES GROUPES COMPOS\u00c9S DE 1 A 16 PERSONNES.\n<\/div><div class=\"bde-text-3485-217 bde-text\">\ncontact@famillejeune.fr<br>+33 (0)4 90 83 70 28\n<\/div>\n<\/div>\n<\/div><\/div><div class=\"bde-div-3485-221 bde-div\">\n  \n\t\n\n\n\n<div class=\"bde-image-3485-222 bde-image\">\n  \n\n\n\n\n\n<figure class=\"breakdance-image breakdance-image--3869\">\n\t<div class=\"breakdance-image-container\">\n\t\t<div class=\"breakdance-image-clip\">\n\t\t\t\n\t\t\t\t\n\t\t\t\t\t      \n  \n  \n  \n  \n      \n      <img loading=\"lazy\" decoding=\"async\"\n      class=\"breakdance-image-object\"\n      src=\"https:\/\/www.famillejeune.fr\/wp-content\/uploads\/2026\/04\/Tinel-260-scaled.jpg\"\n      width=\"2560\"\n      height=\"1707\"\n      \n      \n                                    srcset=\"https:\/\/www.famillejeune.fr\/wp-content\/uploads\/2026\/04\/Tinel-260-scaled.jpg 2560w, https:\/\/www.famillejeune.fr\/wp-content\/uploads\/2026\/04\/Tinel-260-300x200.jpg 300w, https:\/\/www.famillejeune.fr\/wp-content\/uploads\/2026\/04\/Tinel-260-1024x683.jpg 1024w, https:\/\/www.famillejeune.fr\/wp-content\/uploads\/2026\/04\/Tinel-260-768x512.jpg 768w, https:\/\/www.famillejeune.fr\/wp-content\/uploads\/2026\/04\/Tinel-260-1536x1024.jpg 1536w, https:\/\/www.famillejeune.fr\/wp-content\/uploads\/2026\/04\/Tinel-260-2048x1365.jpg 2048w, https:\/\/www.famillejeune.fr\/wp-content\/uploads\/2026\/04\/Tinel-260-18x12.jpg 18w\"\n                                                                      >\n  \n\n\t\t\t\t\t\n\t\t\t\t\t\t<\/div>\n\t<\/div>\n\n\t<\/figure>\n\n<\/div>\n<\/div><\/div>\n<\/section><section id=\"domaine\" class=\"bde-section-3485-227 bde-section\">\n  \n\t\n\n\n\n<div class=\"section-container\"><div class=\"bde-columns-3485-228 bde-columns\"><div class=\"bde-column-3485-229 bde-column\">\n  \n\t\n\n\n\n<div class=\"bde-div-3485-230 bde-div\">\n  \n\t\n\n\n\n<div class=\"bde-image-3485-231 bde-image\">\n  \n\n\n\n\n\n<figure class=\"breakdance-image breakdance-image--3871\">\n\t<div class=\"breakdance-image-container\">\n\t\t<div class=\"breakdance-image-clip\">\n\t\t\t\n\t\t\t\t\n\t\t\t\t\t      \n  \n  \n  \n  \n      \n      <img loading=\"lazy\" decoding=\"async\"\n      class=\"breakdance-image-object\"\n      src=\"https:\/\/www.famillejeune.fr\/wp-content\/uploads\/2026\/04\/Tinel-344-scaled.jpg\"\n      width=\"2560\"\n      height=\"1707\"\n      \n      \n                                    srcset=\"https:\/\/www.famillejeune.fr\/wp-content\/uploads\/2026\/04\/Tinel-344-scaled.jpg 2560w, https:\/\/www.famillejeune.fr\/wp-content\/uploads\/2026\/04\/Tinel-344-300x200.jpg 300w, https:\/\/www.famillejeune.fr\/wp-content\/uploads\/2026\/04\/Tinel-344-1024x683.jpg 1024w, https:\/\/www.famillejeune.fr\/wp-content\/uploads\/2026\/04\/Tinel-344-768x512.jpg 768w, https:\/\/www.famillejeune.fr\/wp-content\/uploads\/2026\/04\/Tinel-344-1536x1024.jpg 1536w, https:\/\/www.famillejeune.fr\/wp-content\/uploads\/2026\/04\/Tinel-344-2048x1365.jpg 2048w, https:\/\/www.famillejeune.fr\/wp-content\/uploads\/2026\/04\/Tinel-344-18x12.jpg 18w\"\n                                                                      >\n  \n\n\t\t\t\t\t\n\t\t\t\t\t\t<\/div>\n\t<\/div>\n\n\t<\/figure>\n\n<\/div>\n<\/div>\n<\/div><div class=\"bde-column-3485-232 bde-column\">\n  \n\t\n\n\n\n<div class=\"bde-div-3485-233 bde-div\" data-entrance=\"fade\">\n  \n\t\n\n\n\n<h3 class=\"bde-heading-3485-234 bde-heading\">\nVISITE DE CAVE ET DEGUSTATION VERTICALE\n<\/h3><div class=\"bde-text-3485-235 bde-text\">\nProfitez d'une visite guid\u00e9e priv\u00e9e de notre cave suivie d'une d\u00e9gustation verticale priv\u00e9e organis\u00e9e dans notre tout premier caveau de vente, et ce, dans une ambiance chaleureuse et confidentielle.<br><br>Vous d\u00e9couvrirez notre Cuv\u00e9e Alexis Establet \u00e0 travers quatre mill\u00e9simes diff\u00e9rents, du plus r\u00e9cent au plus ancien, confortablement assis, vue sur notre cuverie.<br><br>Ce vin d'exception est un AOC* Ch\u00e2teauneuf-du-Pape rouge \u00e9labor\u00e9 \u00e0 partir d'une s\u00e9lection de Grenache centenaires.<br><br>*Appellation d'origine contr\u00f4l\u00e9e.\n<\/div><div class=\"bde-text-3485-236 bde-text\">\nLanguages spoken: French and English.\n<\/div><div class=\"bde-button-3485-237 bde-button\">\n    \n                                    \n    \n    \n    \n    \n            \n                    \n            \n            \n\n    \n    \n    \n    \n    <a class=\"breakdance-link button-atom button-atom--secondary bde-button__button\" href=\"https:\/\/www.winedering.com\/fr\/private-cellar-tour-and-vertical-tasting_d9589_travel\" target=\"_blank\" data-type=\"url\"  >\n\n    \n        <span class=\"button-atom__text\">R\u00c9SERVER<\/span>\n\n        \n        \n                <\/a>\n\n    \n\n\n<\/div><div class=\"bde-text-3485-238 bde-text\">\nPOUR LES GROUPES COMPOS\u00c9S DE 1 A 6 PERSONNES.\n<\/div>\n<\/div>\n<\/div><\/div><div class=\"bde-div-3485-240 bde-div\">\n  \n\t\n\n\n\n<div class=\"bde-image-3485-241 bde-image\">\n  \n\n\n\n\n\n<figure class=\"breakdance-image breakdance-image--3872\">\n\t<div class=\"breakdance-image-container\">\n\t\t<div class=\"breakdance-image-clip\">\n\t\t\t\n\t\t\t\t\n\t\t\t\t\t      \n  \n  \n  \n  \n      \n      <img loading=\"lazy\" decoding=\"async\"\n      class=\"breakdance-image-object\"\n      src=\"https:\/\/www.famillejeune.fr\/wp-content\/uploads\/2026\/04\/Tinel-279-scaled.jpg\"\n      width=\"2560\"\n      height=\"1707\"\n      \n      \n                                    srcset=\"https:\/\/www.famillejeune.fr\/wp-content\/uploads\/2026\/04\/Tinel-279-scaled.jpg 2560w, https:\/\/www.famillejeune.fr\/wp-content\/uploads\/2026\/04\/Tinel-279-300x200.jpg 300w, https:\/\/www.famillejeune.fr\/wp-content\/uploads\/2026\/04\/Tinel-279-1024x683.jpg 1024w, https:\/\/www.famillejeune.fr\/wp-content\/uploads\/2026\/04\/Tinel-279-768x512.jpg 768w, https:\/\/www.famillejeune.fr\/wp-content\/uploads\/2026\/04\/Tinel-279-1536x1024.jpg 1536w, https:\/\/www.famillejeune.fr\/wp-content\/uploads\/2026\/04\/Tinel-279-2048x1365.jpg 2048w, https:\/\/www.famillejeune.fr\/wp-content\/uploads\/2026\/04\/Tinel-279-18x12.jpg 18w\"\n                                                                      >\n  \n\n\t\t\t\t\t\n\t\t\t\t\t\t<\/div>\n\t<\/div>\n\n\t<\/figure>\n\n<\/div>\n<\/div><\/div>\n<\/section><\/div>","protected":false},"excerpt":{"rendered":"<p>OENOTOURISME D\u00c9GUSTATION Nous vous accueillons au sein de notre caveau de vente et d\u00e9gustation tout au long de l\u2019ann\u00e9e, du lundi au vendredi de 9h \u00e0 12h et de 14h \u00e0 17h30, pour vous faire d\u00e9couvrir notre gamme de vins. Samedis et dimanches uniquement sur rendez-vous.Dans une ambiance intimiste et familiale, venez d\u00e9guster une s\u00e9lection [&hellip;]<\/p>","protected":false},"author":4,"featured_media":0,"parent":0,"menu_order":0,"comment_status":"closed","ping_status":"closed","template":"","meta":{"_acf_changed":false,"inline_featured_image":false,"_breakdance_hide_in_design_set":false,"_breakdance_tags":"","footnotes":""},"class_list":["post-3485","page","type-page","status-publish","hentry"],"acf":[],"_links":{"self":[{"href":"https:\/\/www.famillejeune.fr\/en\/wp-json\/wp\/v2\/pages\/3485","targetHints":{"allow":["GET"]}}],"collection":[{"href":"https:\/\/www.famillejeune.fr\/en\/wp-json\/wp\/v2\/pages"}],"about":[{"href":"https:\/\/www.famillejeune.fr\/en\/wp-json\/wp\/v2\/types\/page"}],"author":[{"embeddable":true,"href":"https:\/\/www.famillejeune.fr\/en\/wp-json\/wp\/v2\/users\/4"}],"replies":[{"embeddable":true,"href":"https:\/\/www.famillejeune.fr\/en\/wp-json\/wp\/v2\/comments?post=3485"}],"version-history":[{"count":28,"href":"https:\/\/www.famillejeune.fr\/en\/wp-json\/wp\/v2\/pages\/3485\/revisions"}],"predecessor-version":[{"id":3880,"href":"https:\/\/www.famillejeune.fr\/en\/wp-json\/wp\/v2\/pages\/3485\/revisions\/3880"}],"wp:attachment":[{"href":"https:\/\/www.famillejeune.fr\/en\/wp-json\/wp\/v2\/media?parent=3485"}],"curies":[{"name":"wp","href":"https:\/\/api.w.org\/{rel}","templated":true}]}}