{"id":3328,"date":"2024-06-20T21:10:00","date_gmt":"2024-06-20T20:10:00","guid":{"rendered":"https:\/\/www.famillejeune.fr\/?page_id=3328"},"modified":"2024-10-01T10:29:59","modified_gmt":"2024-10-01T09:29:59","slug":"videotheque","status":"publish","type":"page","link":"https:\/\/www.famillejeune.fr\/en\/videotheque\/","title":{"rendered":"Video library"},"content":{"rendered":"<div class='breakdance'><section class=\"bde-section-3328-115 bde-section container-principal\">\n  \n\t\n\n\n\n<div class=\"section-container\"><div class=\"bde-image-3328-116 bde-image\" data-entrance=\"fade\" data-parallax=\"true\">\n  \n\n\n\n\n\n<figure class=\"breakdance-image breakdance-image--3330\">\n\t<div class=\"breakdance-image-container\">\n\t\t<div class=\"breakdance-image-clip\">\n\t\t\t\n\t\t\t\t\n\t\t\t\t\t      \n  \n  \n  \n  \n      \n      <img loading=\"lazy\" decoding=\"async\"\n      class=\"breakdance-image-object\"\n      src=\"https:\/\/www.famillejeune.fr\/wp-content\/uploads\/2024\/06\/photo_video.jpg\"\n      width=\"1920\"\n      height=\"1080\"\n      \n      \n                                    srcset=\"https:\/\/www.famillejeune.fr\/wp-content\/uploads\/2024\/06\/photo_video.jpg 1920w, https:\/\/www.famillejeune.fr\/wp-content\/uploads\/2024\/06\/photo_video-300x169.jpg 300w, https:\/\/www.famillejeune.fr\/wp-content\/uploads\/2024\/06\/photo_video-1024x576.jpg 1024w, https:\/\/www.famillejeune.fr\/wp-content\/uploads\/2024\/06\/photo_video-768x432.jpg 768w, https:\/\/www.famillejeune.fr\/wp-content\/uploads\/2024\/06\/photo_video-1536x864.jpg 1536w, https:\/\/www.famillejeune.fr\/wp-content\/uploads\/2024\/06\/photo_video-18x10.jpg 18w\"\n                                                                      >\n  \n\n\t\t\t\t\t\n\t\t\t\t\t\t<\/div>\n\t<\/div>\n\n\t<\/figure>\n\n<\/div><div class=\"bde-div-3328-117 bde-div\" data-entrance=\"slideUp\" data-parallax=\"true\">\n  \n\t\n\n\n\n<h1 class=\"bde-heading-3328-122 bde-heading\">\nVideo library\n<\/h1>\n<\/div><div class=\"bde-code-block-3328-121 bde-code-block\">\n\n  <a class=\"scroll-down\" href=\"#domaine\">\n\t<img decoding=\"async\" src=\"https:\/\/www.famillejeune.fr\/wp-content\/uploads\/2024\/01\/chevron-scroll-dwon.svg\" alt=\"scroll down\">\n<\/a>\n\n\n<\/div><\/div>\n<\/section><section id=\"phototheque\" class=\"bde-section-3328-103 bde-section\">\n  \n\t\n\n\n\n<div class=\"section-container\"><div class=\"bde-div-3328-105 bde-div\" data-entrance=\"slideUp\">\n  \n\t\n\n\n\n<div class=\"bde-text-3328-104 bde-text\">\nB\u00e9atrice, Isabelle and Christophe Jeune share a desire to do things well and to perpetuate a family tradition of excellence, in total harmony with nature.\n<\/div>\n<\/div><\/div>\n<\/section><section class=\"bde-section-3328-107 bde-section\">\n  \n\t\n\n\n\n<div class=\"section-container\"><div class=\"bde-gallery-3328-123 bde-gallery\">\n\n\n  \n\n\n\n\n\n\n\n\n\n\n<div class=\"ee-gallery ee-gallery--default ee-gallery--grid ee-gallery--single ee-gallery--lightbox ee-gallery-- ee-gallery--caption-bottom ee-gallery--caption-none ee-gallery--ratio\">\n                  \n      <a class=\"ee-gallery-item ee-gallery-item--video ee-gallery-item--single\" href=\"https:\/\/www.youtube.com\/watch?v=_AT_cI6sIrM&t=3s\"  data-sub-html=\"ETE AU DOMAINE DU GRAND TINEL\" data-category=\"1\"   >\n        <figure class=\"ee-gallery-item-figure\">\n                            <iframe\n      src=\"https:\/\/www.youtube.com\/embed\/_AT_cI6sIrM?start=3&feature=oembed\"\n      title=\"E\u0301te\u0301 au Domaine du Grand Tinel\"\n      \n      allow=\"accelerometer; autoplay; clipboard-write; encrypted-media; gyroscope; picture-in-picture\" allowfullscreen\n><\/iframe>\n  \n          \n                  <\/figure>\n      <\/a>\n\n                \n      <a class=\"ee-gallery-item ee-gallery-item--video ee-gallery-item--single\" href=\"https:\/\/www.youtube.com\/watch?v=sBf6Rc-toYM\"  data-sub-html=\"DOMAINE DE SAINT PAUL\" data-category=\"1\"   >\n        <figure class=\"ee-gallery-item-figure\">\n                            <iframe\n      src=\"https:\/\/www.youtube.com\/embed\/sBf6Rc-toYM?feature=oembed\"\n      title=\"DOMAINE SAINT PAUL\"\n      \n      allow=\"accelerometer; autoplay; clipboard-write; encrypted-media; gyroscope; picture-in-picture\" allowfullscreen\n><\/iframe>\n  \n          \n                  <\/figure>\n      <\/a>\n\n                \n      <a class=\"ee-gallery-item ee-gallery-item--video ee-gallery-item--single\" href=\"https:\/\/youtu.be\/Yzr9QFz3lXU?si=aFHlNwkuGQGgc08E\"  data-sub-html=\"DOMAINE DU GRAND TINEL MISE EN BOUTEILLE\" data-category=\"1\"   >\n        <figure class=\"ee-gallery-item-figure\">\n                            <iframe\n      src=\"https:\/\/www.youtube.com\/embed\/Yzr9QFz3lXU?feature=oembed\"\n      title=\"DOMAINE DU GRAND TINEL MISE EN BOUTEILLE\"\n      \n      allow=\"accelerometer; autoplay; clipboard-write; encrypted-media; gyroscope; picture-in-picture\" allowfullscreen\n><\/iframe>\n  \n          \n                  <\/figure>\n      <\/a>\n\n                \n      <a class=\"ee-gallery-item ee-gallery-item--video ee-gallery-item--single\" href=\"https:\/\/youtu.be\/xGTOFrrKQ5k?si=jOSkEErbUztOGfdE\"  data-sub-html=\"L'HIVER AU GRAND TINEL\" data-category=\"1\"   >\n        <figure class=\"ee-gallery-item-figure\">\n                            <iframe\n      src=\"https:\/\/www.youtube.com\/embed\/xGTOFrrKQ5k?feature=oembed\"\n      title=\"L'HIVER AU GRAND TINEL\"\n      \n      allow=\"accelerometer; autoplay; clipboard-write; encrypted-media; gyroscope; picture-in-picture\" allowfullscreen\n><\/iframe>\n  \n          \n                  <\/figure>\n      <\/a>\n\n                \n      <a class=\"ee-gallery-item ee-gallery-item--video ee-gallery-item--single\" href=\"https:\/\/youtu.be\/PofMUDdw_Vc?si=Pzjpdlp0KQiYcp7D\"  data-sub-html=\"VENDANGES DOMAINE DU GRAND TINEL\" data-category=\"1\"   >\n        <figure class=\"ee-gallery-item-figure\">\n                            <iframe\n      src=\"https:\/\/www.youtube.com\/embed\/PofMUDdw_Vc?feature=oembed\"\n      title=\"VENDANGES  DOMAINE DU GRAND TINEL\"\n      \n      allow=\"accelerometer; autoplay; clipboard-write; encrypted-media; gyroscope; picture-in-picture\" allowfullscreen\n><\/iframe>\n  \n          \n                  <\/figure>\n      <\/a>\n\n                \n      <a class=\"ee-gallery-item ee-gallery-item--video ee-gallery-item--single\" href=\"https:\/\/youtu.be\/udaZEcjMSbU?si=VzTgJ4iGdbPYpsSA\"  data-sub-html=\"PR\u00c9SENTATION DOMAINE DU GRAND TINEL\" data-category=\"1\"   >\n        <figure class=\"ee-gallery-item-figure\">\n                            <iframe\n      src=\"https:\/\/www.youtube.com\/embed\/udaZEcjMSbU?feature=oembed\"\n      title=\"PRE\u0301SENTATION DOMAINE DU GRAND TINEL\"\n      \n      allow=\"accelerometer; autoplay; clipboard-write; encrypted-media; gyroscope; picture-in-picture\" allowfullscreen\n><\/iframe>\n  \n          \n                  <\/figure>\n      <\/a>\n\n        \n  <\/div>\n\n\n\n<\/div><\/div>\n<\/section><\/div>","protected":false},"excerpt":{"rendered":"<p>Vid\u00e9oth\u00e8que \u00ab\u00a0B\u00e9atrice, Isabelle et Christophe Jeune partagent la volont\u00e9 de bien faire et de perp\u00e9tuer une tradition familiale d\u2019excellence, en accord total avec la nature.\u00a0\u00bb<\/p>","protected":false},"author":4,"featured_media":0,"parent":0,"menu_order":0,"comment_status":"closed","ping_status":"closed","template":"","meta":{"_acf_changed":false,"inline_featured_image":false,"_breakdance_hide_in_design_set":false,"_breakdance_tags":"","footnotes":""},"class_list":["post-3328","page","type-page","status-publish","hentry"],"acf":[],"_links":{"self":[{"href":"https:\/\/www.famillejeune.fr\/en\/wp-json\/wp\/v2\/pages\/3328","targetHints":{"allow":["GET"]}}],"collection":[{"href":"https:\/\/www.famillejeune.fr\/en\/wp-json\/wp\/v2\/pages"}],"about":[{"href":"https:\/\/www.famillejeune.fr\/en\/wp-json\/wp\/v2\/types\/page"}],"author":[{"embeddable":true,"href":"https:\/\/www.famillejeune.fr\/en\/wp-json\/wp\/v2\/users\/4"}],"replies":[{"embeddable":true,"href":"https:\/\/www.famillejeune.fr\/en\/wp-json\/wp\/v2\/comments?post=3328"}],"version-history":[{"count":5,"href":"https:\/\/www.famillejeune.fr\/en\/wp-json\/wp\/v2\/pages\/3328\/revisions"}],"predecessor-version":[{"id":3444,"href":"https:\/\/www.famillejeune.fr\/en\/wp-json\/wp\/v2\/pages\/3328\/revisions\/3444"}],"wp:attachment":[{"href":"https:\/\/www.famillejeune.fr\/en\/wp-json\/wp\/v2\/media?parent=3328"}],"curies":[{"name":"wp","href":"https:\/\/api.w.org\/{rel}","templated":true}]}}