{"id":3,"date":"2023-12-28T09:34:20","date_gmt":"2023-12-28T09:34:20","guid":{"rendered":"https:\/\/www.famillejeune.fr\/?page_id=3"},"modified":"2024-11-29T15:32:49","modified_gmt":"2024-11-29T14:32:49","slug":"mentions-legales","status":"publish","type":"page","link":"https:\/\/www.famillejeune.fr\/en\/mentions-legales\/","title":{"rendered":"Legal information"},"content":{"rendered":"<div class='breakdance'><section class=\"bde-section-3-100 bde-section\">\n  \n\t\n\n\n\n<div class=\"section-container\"><div class=\"bde-div-3-103 bde-div\">\n  \n\t\n\n\n\n<h1 class=\"bde-heading-3-101 bde-heading\">\nLegal information\n<\/h1><div class=\"bde-text-3-102 bde-text\">\nPresentation of the site<br><br>By virtue of Article 6 of Law No. 2004-575 of 21 June 2004 on confidence in the digital economy, users of the Famille Jeune website are informed of the identity of the various parties involved in its creation and monitoring:<br><br>Owner: Famille Jeune - Isabelle Jeune<br>Creator: Studio Mistral<br>Publication manager: Isabelle Jeune <br>The person responsible for publication is an individual or a legal entity.<br>Webmaster: Studio Mistral \u2013 maxime@mistral.studio<br>Host: ionos - 7, place de la Gare BP 70109 57200 Sarreguemines Cedex<br><br><br>- General terms and conditions of use of the site<br><br>Use of the Famille Jeune website implies full acceptance of the general conditions of use set out below. These conditions of use may be amended or supplemented at any time, and users of the Young Family website are therefore advised to consult them regularly.<br><br>This site is normally accessible to users at all times. However, agence \u00e4kta may decide to interrupt the site for technical maintenance purposes, in which case it will endeavour to inform users of the dates and times of the intervention in advance.<br><br>The Famille Jeune website is updated regularly by Isabelle Jeune. Similarly, the legal notices may be modified at any time: they are nevertheless binding on the user, who is invited to refer to them as often as possible in order to read them.<br><br><br>\u2022 Description of services provided<br><br>The purpose of the Famille Jeune website is to provide information about all of the company's activities<br><br>Isabelle Jeune endeavours to provide information on the Famille Jeune website that is as accurate as possible. However, it may not be held liable for any omissions, inaccuracies or failures to update, whether these are its fault or the fault of third-party partners who provide it with this information.<br><br>All information provided on the Famille Jeune website is given for information purposes only and is subject to change. Furthermore, the information on the Famille Jeune website is not exhaustive. It is subject to changes having been made since it was put online.<br><br><br>\u2022 Contractual limitations on technical data<br><br>The website uses JavaScript technology.<br><br>The website cannot be held responsible for any material damage linked to the use of the site. In addition, users of the site undertake to access the site using recent, virus-free equipment and with an up-to-date, latest-generation browser.<br><br><br>\u2022 Intellectual property and counterfeiting<br><br>Isabelle Jeune is the owner of the intellectual property rights or holds the rights of use on all the elements accessible on the site, in particular the texts, images, graphics, logos, icons, sounds and software.<br><br>Any reproduction, representation, modification, publication, adaptation of all or part of the elements of the site, whatever the means or process used, is prohibited, except with the prior written authorisation of Isabelle Jeune.<br><br>Any unauthorised use of the site or of any of the elements it contains will be considered as constituting an infringement and will be prosecuted in accordance with the provisions of articles L.335-2 et seq. of the French Intellectual.<br><br><br>\u2022 Limitations of liability<br><br>Isabelle Jeune may not be held liable for any direct or indirect damage caused to the user's equipment when accessing the Young Family website, resulting either from the use of equipment that does not meet the specifications set out in point 4, or from the appearance of a bug or incompatibility.<br><br>Isabelle Jeune may not be held liable for any indirect damage (such as loss of business or loss of opportunity) resulting from the use of the Famille Jeune website.<br><br>Interactive areas (possibility to ask questions in the contact area) are available to users. Isabelle Jeune reserves the right to delete, without prior notice, any content posted in this area that contravenes the legislation applicable in France, in particular the provisions relating to data protection. Where applicable, Isabelle Jeune also reserves the right to hold the user civilly and\/or criminally liable, particularly in the event of messages of a racist, insulting, defamatory or pornographic nature, whatever the medium used (text, photographs, etc.).<br><br><br>\u2022 Management of personal data<br><br>In France, personal data is protected by law no. 78-87 of 6 January 1978, law no. 2004-801 of 6 August 2004, article L. 226-13 of the Criminal Code and the European Directive of 24 October 1995.<br><br>When using the Young Family site, the following information may be collected: the URL of the links through which the user accessed the Young Family site, the user's access provider, the user's Internet Protocol (IP) address.<br><br>In any event, Isabelle Jeune only collects personal information relating to the user for the purposes of certain services offered by the Famille Jeune website. Users provide this information with full knowledge of the facts, particularly when they enter it themselves. Users of the Young Family website are then informed whether or not they are required to provide this information.<br><br>In accordance with the provisions of Articles 38 et seq. of Law 78-17 of 6 January 1978 on Data Processing, Data Files and Individual Liberties, all users have the right to access, rectify and object to any personal data concerning them, by making a written and signed request, accompanied by a copy of the identity document bearing the signature of the bearer of the document, specifying the address to which the reply is to be sent.<br><br>No personal information of the user of the Famille Jeune site is published without the user's knowledge, exchanged, transferred, assigned or sold on any medium whatsoever to third parties. Only the assumption of the repurchase of Isabelle Jeune and its rights would allow the transmission of the said information to the eventual purchaser who would in turn be bound by the same obligation of conservation and modification of the data with respect to the user of the Famille Jeune site.<br><br>The site has not been declared to the CNIL as it does not use personal data as indicated on this page.\nDatabases are protected by the provisions of the law of 1 July 1998 transposing directive 96\/9 of 11 March 1996 on the legal protection of databases.<br><br>Databases are protected by the provisions of the law of 1 July 1998 transposing directive 96\/9 of 11 March 1996 on the legal protection of databases.<br><br><br>\u2022 Hypertext links and cookies<br><br>The Famille Jeune website contains a number of hyperlinks to other websites, set up with the authorisation of Isabelle Jeune. However, Isabelle Jeune does not have the possibility of checking the content of sites visited in this way, and consequently accepts no responsibility in this respect.<br><br>Browsing the Famille Jeune website may result in the installation of cookie(s) on the user's computer. A cookie is a small file, which does not allow the user to be identified, but which records information relating to the browsing of a computer on a site. The data obtained in this way is intended to facilitate subsequent browsing of the site and is also used to measure visitor numbers.<br><br>Refusal to install a cookie may make it impossible to access certain services. However, users can configure their computer as follows to refuse the installation of cookies:<br><br>In Internet Explorer: Tools tab (wheel-shaped icon at top right) \/ Internet options. Click on Confidentiality and choose Block all cookies. Confirm with Ok.<br><br>Firefox: at the top of the browser window, click on the Firefox button, then go to the Options tab. Click on the Privacy tab. Set the Retention Rules to: use personalised settings for history. Finally, uncheck it to deactivate cookies.<br><br>On Safari: Click on the menu icon (symbolised by a cog) in the top right-hand corner of the browser. Select Settings. Click on Show advanced settings. In the \u2018Confidentiality\u2019 section, click on \u2018Content settings\u2019. In the \u2018Cookies\u2019 section, you can block cookies.<br><br>In Chrome: Click on the menu icon (symbolised by three horizontal lines) in the top right-hand corner of the browser. Select Settings. Click on Show advanced settings. In the \u2018Confidentiality\u2019 section, click on preferences. In the \u2018Confidentiality\u2019 tab, you can block cookies.<br><br><br>\u2022 Applicable law and jurisdiction<br><br>Any dispute relating to the use of the Young Family website is subject to French law. The courts of Paris have exclusive jurisdiction.<br><br><br>\u2022 The main laws concerned<br><br>Law no. 78-17 of 6 January 1978, as amended by Law no. 2004-801 of 6 August 2004 relating to information technology, files and civil liberties.\nLaw no. 2004-575 of 21 June 2004 on confidence in the digital economy.<br>Loi n\u00b0 2004-575 du 21 juin 2004 pour la confiance dans l\u2019\u00e9conomie num\u00e9rique.<br><br><br>\u2022 Glossary<br><br>User: Internet user connecting to and using the aforementioned site.<br><br>Personal information: \u2018information which enables, in any form whatsoever, directly or indirectly, the identification of the natural persons to whom it applies\u2019 (article 4 of law no. 78-17 of 6 January 1978).\n<\/div>\n<\/div><\/div>\n<\/section><\/div>","protected":false},"excerpt":{"rendered":"<p>Mentions L\u00e9gales \u2022 Pr\u00e9sentation du siteEn vertu de l\u2019article 6 de la loi n\u00b0 2004-575 du 21 juin 2004 pour la confiance dans l\u2019\u00e9conomie num\u00e9rique, il est pr\u00e9cis\u00e9 aux utilisateurs du site Famille Jeune l\u2019identit\u00e9 des diff\u00e9rents intervenants dans le cadre de sa r\u00e9alisation et de son suivi :Propri\u00e9taire : Famille Jeune \u2013 Isabelle JeuneCr\u00e9ateur [&hellip;]<\/p>","protected":false},"author":4,"featured_media":0,"parent":0,"menu_order":0,"comment_status":"closed","ping_status":"closed","template":"","meta":{"_acf_changed":false,"inline_featured_image":false,"_breakdance_hide_in_design_set":false,"_breakdance_tags":"","footnotes":""},"class_list":["post-3","page","type-page","status-publish","hentry"],"acf":[],"_links":{"self":[{"href":"https:\/\/www.famillejeune.fr\/en\/wp-json\/wp\/v2\/pages\/3","targetHints":{"allow":["GET"]}}],"collection":[{"href":"https:\/\/www.famillejeune.fr\/en\/wp-json\/wp\/v2\/pages"}],"about":[{"href":"https:\/\/www.famillejeune.fr\/en\/wp-json\/wp\/v2\/types\/page"}],"author":[{"embeddable":true,"href":"https:\/\/www.famillejeune.fr\/en\/wp-json\/wp\/v2\/users\/4"}],"replies":[{"embeddable":true,"href":"https:\/\/www.famillejeune.fr\/en\/wp-json\/wp\/v2\/comments?post=3"}],"version-history":[{"count":10,"href":"https:\/\/www.famillejeune.fr\/en\/wp-json\/wp\/v2\/pages\/3\/revisions"}],"predecessor-version":[{"id":3534,"href":"https:\/\/www.famillejeune.fr\/en\/wp-json\/wp\/v2\/pages\/3\/revisions\/3534"}],"wp:attachment":[{"href":"https:\/\/www.famillejeune.fr\/en\/wp-json\/wp\/v2\/media?parent=3"}],"curies":[{"name":"wp","href":"https:\/\/api.w.org\/{rel}","templated":true}]}}