{"id":275,"date":"2024-01-02T16:06:39","date_gmt":"2024-01-02T16:06:39","guid":{"rendered":"https:\/\/www.famillejeune.fr\/?page_id=275"},"modified":"2024-10-30T14:37:12","modified_gmt":"2024-10-30T13:37:12","slug":"contact","status":"publish","type":"page","link":"https:\/\/www.famillejeune.fr\/en\/contact\/","title":{"rendered":"Contact"},"content":{"rendered":"<div class='breakdance'><section class=\"bde-section-275-153 bde-section container-principal\">\n  \n\t\n\n\n\n<div class=\"section-container\"><div class=\"bde-image-275-154 bde-image\" data-entrance=\"fade\" data-parallax=\"true\">\n  \n\n\n\n\n\n<figure class=\"breakdance-image breakdance-image--3036\">\n\t<div class=\"breakdance-image-container\">\n\t\t<div class=\"breakdance-image-clip\">\n\t\t\t\n\t\t\t\t\n\t\t\t\t\t      \n  \n  \n  \n  \n      \n      <img loading=\"lazy\" decoding=\"async\"\n      class=\"breakdance-image-object\"\n      src=\"https:\/\/www.famillejeune.fr\/wp-content\/uploads\/2024\/02\/contact.jpg\"\n      width=\"2000\"\n      height=\"1125\"\n      alt=\"photo de la cave du domaine grand tinel avec de grand f\u00fbts\"\n      \n                                    srcset=\"https:\/\/www.famillejeune.fr\/wp-content\/uploads\/2024\/02\/contact.jpg 2000w, https:\/\/www.famillejeune.fr\/wp-content\/uploads\/2024\/02\/contact-300x169.jpg 300w, https:\/\/www.famillejeune.fr\/wp-content\/uploads\/2024\/02\/contact-1024x576.jpg 1024w, https:\/\/www.famillejeune.fr\/wp-content\/uploads\/2024\/02\/contact-768x432.jpg 768w, https:\/\/www.famillejeune.fr\/wp-content\/uploads\/2024\/02\/contact-1536x864.jpg 1536w\"\n                                                                      >\n  \n\n\t\t\t\t\t\n\t\t\t\t\t\t<\/div>\n\t<\/div>\n\n\t<\/figure>\n\n<\/div><div class=\"bde-div-275-155 bde-div\" data-entrance=\"slideUp\" data-parallax=\"true\">\n  \n\t\n\n\n\n<h1 class=\"bde-heading-275-156 bde-heading\">\nContact us\n<\/h1>\n<\/div><div class=\"bde-code-block-275-157 bde-code-block\">\n\n  <a class=\"scroll-down\" href=\"#contact\">\n\t<img decoding=\"async\" src=\"https:\/\/www.famillejeune.fr\/wp-content\/uploads\/2024\/01\/chevron-scroll-dwon.svg\" alt=\"scroll down\">\n<\/a>\n\n\n<\/div><\/div>\n<\/section><section id=\"contact\" class=\"bde-section-275-103 bde-section\">\n  \n\t\n\n\n\n<div class=\"section-container\"><div class=\"bde-columns-275-104 bde-columns\"><div class=\"bde-column-275-105 bde-column\" data-entrance=\"slideLeft\">\n  \n\t\n\n\n\n<h1 class=\"bde-heading-275-109 bde-heading\">\nContact us\n<\/h1><div class=\"bde-text-275-110 bde-text\">\nYou can contact us via the information below or by using the following form. We'll get back to you as soon as possible.\n<\/div><h1 class=\"bde-heading-275-111 bde-heading\">\nfamille jeune\n<\/h1><div class=\"bde-text-275-112 bde-text\">\nDomaine du Grand Tinel\n<\/div><div class=\"bde-text-275-113 bde-text\">\n<font style=\"vertical-align: inherit;\"><font style=\"vertical-align: inherit;\">BP 58 - 3, route de B\u00e9darrides <\/font><\/font><br><font style=\"vertical-align: inherit;\"><font style=\"vertical-align: inherit;\">84232 CH\u00c2TEAUNEUF DU PAPE Cedex <\/font><\/font><br><font style=\"vertical-align: inherit;\"><font style=\"vertical-align: inherit;\">tel. <\/font><font style=\"vertical-align: inherit;\">04 90 83 70 28 <\/font><\/font><br><font style=\"vertical-align: inherit;\"><font style=\"vertical-align: inherit;\">contact@famillejeune.fr<\/font><\/font>\n<\/div><div class=\"bde-text-275-169 bde-text\">\nDomaine de Saint Paul\n<\/div><div class=\"bde-text-275-170 bde-text\">\n<font style=\"vertical-align: inherit;\"><font style=\"vertical-align: inherit;\">2100 Rte de Sorgues, <\/font><\/font><br><font style=\"vertical-align: inherit;\"><font style=\"vertical-align: inherit;\">84230 CH\u00c2TEAUNEUF DU PAPE Cedex <\/font><\/font><br><font style=\"vertical-align: inherit;\"><font style=\"vertical-align: inherit;\">tel. <\/font><font style=\"vertical-align: inherit;\">04 90 83 70 28 <\/font><\/font><br><font style=\"vertical-align: inherit;\"><font style=\"vertical-align: inherit;\">contact@famillejeune.fr<\/font><\/font>\n<\/div><div class=\"bde-fancy-divider-275-114 bde-fancy-divider\">\n\n\n<div class=\"bde-fancy-divider__wrapper\">\n  <div class=\"bde-fancy-divider__separator\">\n  \t  <\/div>\n<\/div>\n\n<\/div>\n<\/div><div class=\"bde-column-275-106 bde-column\" data-entrance=\"fade\">\n  \n\t\n\n\n\n<div class=\"bde-form-builder-275-108 bde-form-builder\">\n\n\n<form id=\"contact-form108\" class=\"breakdance-form breakdance-form--vertical\" data-options=\"{&quot;slug&quot;:&quot;custom&quot;,&quot;name&quot;:&quot;Contact Form&quot;,&quot;ajaxUrl&quot;:&quot;https:\\\/\\\/www.famillejeune.fr\\\/wp-admin\\\/admin-ajax.php&quot;,&quot;clearOnSuccess&quot;:true,&quot;hideOnSuccess&quot;:false,&quot;successMessage&quot;:&quot;Votre message a bien \\u00e9t\\u00e9 envoy\\u00e9.&quot;,&quot;errorMessage&quot;:&quot;Une erreur s&#039;est produite.&quot;,&quot;redirect&quot;:false,&quot;redirectUrl&quot;:&quot;&quot;,&quot;customJavaScript&quot;:&quot;&quot;,&quot;recaptcha&quot;:{&quot;key&quot;:&quot;&quot;,&quot;enabled&quot;:false},&quot;honeypot_enabled&quot;:false,&quot;popupsOnSuccess&quot;:[],&quot;popupsOnError&quot;:[]}\" data-steps=\"0\" action=\"\" >\n  \n  \n  \n<div class=\"breakdance-form-field breakdance-form-field--text\" >\n    \n    \n    \n    <input\n    class=\"breakdance-form-field__input\"\n    id=\"name\"\n    aria-describedby=\"name\"\n    type=\"text\"\n    name=\"fields[name]\"\n    placeholder=\"First &amp; Last name\"\n    value=\"\"\n                \n        \n        \n    required\n>\n\n\n    \n    \n<\/div>\n\n\n<div class=\"breakdance-form-field breakdance-form-field--email\" >\n    \n    \n    \n    <input\n    class=\"breakdance-form-field__input\"\n    id=\"email\"\n    aria-describedby=\"email\"\n    type=\"email\"\n    name=\"fields[email]\"\n    placeholder=\"Email\"\n    value=\"\"\n                \n        \n        \n    required\n>\n\n\n    \n    \n<\/div>\n\n\n<div class=\"breakdance-form-field breakdance-form-field--tel\" >\n    \n    \n    \n    <input\n    class=\"breakdance-form-field__input\"\n    id=\"pkvzlw\"\n    aria-describedby=\"pkvzlw\"\n    type=\"tel\"\n    name=\"fields[pkvzlw]\"\n    placeholder=\"tel.\"\n    value=\"\"\n                \n        \n        \n    \n    \n    \n>\n\n\n    \n    \n<\/div>\n\n\n<div class=\"breakdance-form-field breakdance-form-field--textarea\" >\n    \n    \n    \n    <textarea\n    class=\"breakdance-form-field__input\"\n    id=\"message\"\n    aria-describedby=\"message\"\n    type=\"textarea\"\n    name=\"fields[message]\"\n        placeholder=\"Message\"\n    required\n>\n<\/textarea>\n\n\n    \n    \n<\/div>\n\n\n<div class=\"breakdance-form-field breakdance-form-field--checkbox\" >\n    \n    \n    \n    <fieldset role=\"group\"\n    >\n          <div class=\"breakdance-form-checkbox\">\n          <input\n              type=\"checkbox\"\n              name=\"fields[doyqjx]\"\n              value=\"vos donn\u00e9es personnelles sont trait\u00e9es par le site FAMILLE JEUNE, pour plus d\u2019informations sur le traitement de vos donn\u00e9es et sur vos droits, vous pouvez consulter notre note d\u2019information sur le traitement des donn\u00e9es personnelles &amp; cookies.\"\n              id=\"doyqjx-1\"\n              \n                        >\n          <label class=\"breakdance-form-checkbox__text\" for=\"doyqjx-1\">Your personal data is processed by the FAMILLE JEUNE website. For more information on the processing of your data and your rights, please consult our information note on the processing of personal data &amp; cookies.<\/label>\n      <\/div>\n  <\/fieldset>\n\n\n\n    \n    \n<\/div>\n\n\n  \n\n<div class=\"breakdance-form-field breakdance-form-footer\">\n    \n    \n                                    \n    \n    \n    \n    \n            \n            <button type=\"submit\" class=\"button-atom button-atom--primary breakdance-form-button breakdance-form-button__submit\"  >\n    \n        <span class=\"button-atom__text\">Submit<\/span>\n\n        \n        \n            <\/button>\n    \n    <input type=\"hidden\" name=\"form_id\" value=\"108\">\n    <input type=\"hidden\" name=\"post_id\" value=\"275\">\n<\/div>\n\n  \n<input type=\"hidden\" name=\"trp-form-language\" value=\"en\"\/><\/form>\n\n\n\n<\/div>\n<\/div><\/div><\/div>\n<\/section><section id=\"phototheque\" class=\"bde-section-275-160 bde-section\">\n  \n\t\n\n\n\n<div class=\"section-container\"><div class=\"bde-image-275-161 bde-image\" data-parallax=\"true\">\n  \n\n\n\n\n\n<figure class=\"breakdance-image breakdance-image--843\">\n\t<div class=\"breakdance-image-container\">\n\t\t<div class=\"breakdance-image-clip\">\n\t\t\t\n\t\t\t\t\n\t\t\t\t\t      \n  \n  \n  \n  \n      \n      <img loading=\"lazy\" decoding=\"async\"\n      class=\"breakdance-image-object\"\n      src=\"https:\/\/www.famillejeune.fr\/wp-content\/uploads\/2024\/01\/01_parallax_scale.jpg\"\n      width=\"2052\"\n      height=\"900\"\n      \n      \n                                    srcset=\"https:\/\/www.famillejeune.fr\/wp-content\/uploads\/2024\/01\/01_parallax_scale.jpg 2052w, https:\/\/www.famillejeune.fr\/wp-content\/uploads\/2024\/01\/01_parallax_scale-300x132.jpg 300w, https:\/\/www.famillejeune.fr\/wp-content\/uploads\/2024\/01\/01_parallax_scale-1024x449.jpg 1024w, https:\/\/www.famillejeune.fr\/wp-content\/uploads\/2024\/01\/01_parallax_scale-768x337.jpg 768w, https:\/\/www.famillejeune.fr\/wp-content\/uploads\/2024\/01\/01_parallax_scale-1536x674.jpg 1536w, https:\/\/www.famillejeune.fr\/wp-content\/uploads\/2024\/01\/01_parallax_scale-2048x898.jpg 2048w\"\n                                                                      >\n  \n\n\t\t\t\t\t\n\t\t\t\t\t\t<\/div>\n\t<\/div>\n\n\t<\/figure>\n\n<\/div><div class=\"bde-div-275-162 bde-div\" data-entrance=\"slideUp\">\n  \n\t\n\n\n\n<h1 class=\"bde-heading-275-163 bde-heading\">\nCellar opening hours\n<\/h1><div class=\"bde-text-275-164 bde-text\">\nDomaine du Grand Tinel\n<\/div><div class=\"bde-text-275-165 bde-text translation-block\">Monday to Friday<br>9 a.m. to 12 p.m. and 2 p.m. to 5:30 p.m.<\/div><div class=\"bde-text-275-166 bde-text\">\nSaturday by appointment\n<\/div>\n<\/div><\/div>\n<\/section><section id=\"phototheque\" class=\"bde-section-275-124 bde-section\">\n  \n\t\n\n\n\n<div class=\"section-container\"><div class=\"bde-code-block-275-133 bde-code-block\">\n\n  <iframe src=\"https:\/\/www.google.com\/maps\/embed?pb=!1m18!1m12!1m3!1d2027.5047372635604!2d4.8316534847630725!3d44.05600343201454!2m3!1f0!2f0!3f0!3m2!1i1024!2i768!4f13.1!3m3!1m2!1s0x12b593c1539e70e3%3A0x78f9d404d23733ea!2s3%20Rte%20de%20B%C3%A9darrides%2C%2084232%20Ch%C3%A2teauneuf-du-Pape!5e0!3m2!1sfr!2sfr!4v1704445171086!5m2!1sfr!2sfr\" width=\"100%\" height=\"450\" style=\"border:0;\" allowfullscreen=\"\" loading=\"lazy\" referrerpolicy=\"no-referrer-when-downgrade\"><\/iframe>\n\n\n<\/div><\/div>\n<\/section><section id=\"phototheque\" class=\"bde-section-275-115 bde-section\">\n  \n\t\n\n\n\n<div class=\"section-container\"><div class=\"bde-image-275-147 bde-image\" data-parallax=\"true\">\n  \n\n\n\n\n\n<figure class=\"breakdance-image breakdance-image--843\">\n\t<div class=\"breakdance-image-container\">\n\t\t<div class=\"breakdance-image-clip\">\n\t\t\t\n\t\t\t\t\n\t\t\t\t\t      \n  \n  \n  \n  \n      \n      <img loading=\"lazy\" decoding=\"async\"\n      class=\"breakdance-image-object\"\n      src=\"https:\/\/www.famillejeune.fr\/wp-content\/uploads\/2024\/01\/01_parallax_scale.jpg\"\n      width=\"2052\"\n      height=\"900\"\n      \n      \n                                    srcset=\"https:\/\/www.famillejeune.fr\/wp-content\/uploads\/2024\/01\/01_parallax_scale.jpg 2052w, https:\/\/www.famillejeune.fr\/wp-content\/uploads\/2024\/01\/01_parallax_scale-300x132.jpg 300w, https:\/\/www.famillejeune.fr\/wp-content\/uploads\/2024\/01\/01_parallax_scale-1024x449.jpg 1024w, https:\/\/www.famillejeune.fr\/wp-content\/uploads\/2024\/01\/01_parallax_scale-768x337.jpg 768w, https:\/\/www.famillejeune.fr\/wp-content\/uploads\/2024\/01\/01_parallax_scale-1536x674.jpg 1536w, https:\/\/www.famillejeune.fr\/wp-content\/uploads\/2024\/01\/01_parallax_scale-2048x898.jpg 2048w\"\n                                                                      >\n  \n\n\t\t\t\t\t\n\t\t\t\t\t\t<\/div>\n\t<\/div>\n\n\t<\/figure>\n\n<\/div><div class=\"bde-div-275-116 bde-div\" data-entrance=\"slideUp\">\n  \n\t\n\n\n\n<h1 class=\"bde-heading-275-118 bde-heading\">\nCellar opening hours\n<\/h1><div class=\"bde-text-275-120 bde-text\">\nDomain of Saint Paul\n<\/div><div class=\"bde-text-275-123 bde-text\">\nBy appointment only\n<\/div>\n<\/div><\/div>\n<\/section><section id=\"phototheque\" class=\"bde-section-275-158 bde-section\">\n  \n\t\n\n\n\n<div class=\"section-container\"><div class=\"bde-code-block-275-159 bde-code-block\">\n\n  <iframe src=\"https:\/\/www.google.com\/maps\/embed?pb=!1m18!1m12!1m3!1d2411.878288828198!2d4.851104930871243!3d44.0374523925057!2m3!1f0!2f0!3f0!3m2!1i1024!2i768!4f13.1!3m3!1m2!1s0x12b592533df99dd7%3A0xcbe584585a396387!2s2100%20Rte%20de%20Sorgues%2C%2084230%20Ch%C3%A2teauneuf-du-Pape!5e0!3m2!1sfr!2sfr!4v1708502415055!5m2!1sfr!2sfr\" width=\"100%\" height=\"450\" style=\"border:0;\" allowfullscreen=\"\" loading=\"lazy\" referrerpolicy=\"no-referrer-when-downgrade\"><\/iframe>\n\n\n<\/div><\/div>\n<\/section><section class=\"bde-section-275-148 bde-section\">\n  \n\t\n\n\n\n<div class=\"section-container\"><div class=\"bde-image-275-149 bde-image\" data-parallax=\"true\">\n  \n\n\n\n\n\n<figure class=\"breakdance-image breakdance-image--846\">\n\t<div class=\"breakdance-image-container\">\n\t\t<div class=\"breakdance-image-clip\">\n\t\t\t\n\t\t\t\t\n\t\t\t\t\t      \n  \n  \n  \n  \n      \n      <img loading=\"lazy\" decoding=\"async\"\n      class=\"breakdance-image-object\"\n      src=\"https:\/\/www.famillejeune.fr\/wp-content\/uploads\/2024\/01\/02_parallax.jpg\"\n      width=\"2049\"\n      height=\"1125\"\n      \n      \n                                    srcset=\"https:\/\/www.famillejeune.fr\/wp-content\/uploads\/2024\/01\/02_parallax.jpg 2049w, https:\/\/www.famillejeune.fr\/wp-content\/uploads\/2024\/01\/02_parallax-300x165.jpg 300w, https:\/\/www.famillejeune.fr\/wp-content\/uploads\/2024\/01\/02_parallax-1024x562.jpg 1024w, https:\/\/www.famillejeune.fr\/wp-content\/uploads\/2024\/01\/02_parallax-768x422.jpg 768w, https:\/\/www.famillejeune.fr\/wp-content\/uploads\/2024\/01\/02_parallax-1536x843.jpg 1536w\"\n                                                                      >\n  \n\n\t\t\t\t\t\n\t\t\t\t\t\t<\/div>\n\t<\/div>\n\n\t<\/figure>\n\n<\/div><\/div>\n<\/section><\/div>","protected":false},"excerpt":{"rendered":"<p>Nous Contacter nous contacter Vous pouvez nous contacter via les informations ci-dessous ou en utilisant le formulaire suivant. Nous vous r\u00e9pondrons dans les meilleurs d\u00e9lais. famille jeune Domaine du Grand Tinel BP 58 &#8211; 3, route de B\u00e9darrides 84232 CH\u00c2TEAUNEUF DU PAPE Cedex T\u00e9l. 04 90 83 70 28 contact@famillejeune.fr Domaine de Saint Paul 2100 [&hellip;]<\/p>","protected":false},"author":4,"featured_media":0,"parent":0,"menu_order":0,"comment_status":"closed","ping_status":"closed","template":"","meta":{"_acf_changed":false,"inline_featured_image":false,"_breakdance_hide_in_design_set":false,"_breakdance_tags":"","footnotes":""},"class_list":["post-275","page","type-page","status-publish","hentry"],"acf":[],"_links":{"self":[{"href":"https:\/\/www.famillejeune.fr\/en\/wp-json\/wp\/v2\/pages\/275","targetHints":{"allow":["GET"]}}],"collection":[{"href":"https:\/\/www.famillejeune.fr\/en\/wp-json\/wp\/v2\/pages"}],"about":[{"href":"https:\/\/www.famillejeune.fr\/en\/wp-json\/wp\/v2\/types\/page"}],"author":[{"embeddable":true,"href":"https:\/\/www.famillejeune.fr\/en\/wp-json\/wp\/v2\/users\/4"}],"replies":[{"embeddable":true,"href":"https:\/\/www.famillejeune.fr\/en\/wp-json\/wp\/v2\/comments?post=275"}],"version-history":[{"count":77,"href":"https:\/\/www.famillejeune.fr\/en\/wp-json\/wp\/v2\/pages\/275\/revisions"}],"predecessor-version":[{"id":3478,"href":"https:\/\/www.famillejeune.fr\/en\/wp-json\/wp\/v2\/pages\/275\/revisions\/3478"}],"wp:attachment":[{"href":"https:\/\/www.famillejeune.fr\/en\/wp-json\/wp\/v2\/media?parent=275"}],"curies":[{"name":"wp","href":"https:\/\/api.w.org\/{rel}","templated":true}]}}